{"id":915,"date":"2023-03-22T18:07:44","date_gmt":"2023-03-22T17:07:44","guid":{"rendered":"https:\/\/elteuinformatic.es\/?page_id=915"},"modified":"2023-10-23T15:12:22","modified_gmt":"2023-10-23T13:12:22","slug":"disseny-web","status":"publish","type":"page","link":"https:\/\/elteuinformatic.es\/ca\/disseny-web","title":{"rendered":"Disseny web"},"content":{"rendered":"<p><\/p>\n<h6><\/h6>\n<h6 style=\"text-align: center;\"><\/h6>\n<p><img loading=\"lazy\" decoding=\"async\" class=\"aligncenter size-large wp-image-1008\" src=\"https:\/\/elteuinformatic.es\/wp-content\/uploads\/2023\/10\/dissenygrup_web-815x1024.jpg\" alt=\"\" width=\"815\" height=\"1024\" srcset=\"https:\/\/elteuinformatic.es\/wp-content\/uploads\/2023\/10\/dissenygrup_web-815x1024.jpg 815w, https:\/\/elteuinformatic.es\/wp-content\/uploads\/2023\/10\/dissenygrup_web-239x300.jpg 239w, https:\/\/elteuinformatic.es\/wp-content\/uploads\/2023\/10\/dissenygrup_web-768x965.jpg 768w, https:\/\/elteuinformatic.es\/wp-content\/uploads\/2023\/10\/dissenygrup_web-119x150.jpg 119w, https:\/\/elteuinformatic.es\/wp-content\/uploads\/2023\/10\/dissenygrup_web.jpg 1920w\" sizes=\"auto, (max-width: 815px) 100vw, 815px\" \/><\/p>\n<ul>\n<li>Donar d\u00b4alta el teu nom d\u00b4empresa ( domini i allotjament web)<img loading=\"lazy\" decoding=\"async\" class=\"wp-image-1010 alignright\" src=\"https:\/\/elteuinformatic.es\/wp-content\/uploads\/2023\/10\/miniatura-hotmail-caste-topaz-enhance.jpg\" alt=\"\" width=\"275\" height=\"189\" srcset=\"https:\/\/elteuinformatic.es\/wp-content\/uploads\/2023\/10\/miniatura-hotmail-caste-topaz-enhance.jpg 752w, https:\/\/elteuinformatic.es\/wp-content\/uploads\/2023\/10\/miniatura-hotmail-caste-topaz-enhance-300x206.jpg 300w, https:\/\/elteuinformatic.es\/wp-content\/uploads\/2023\/10\/miniatura-hotmail-caste-topaz-enhance-150x103.jpg 150w, https:\/\/elteuinformatic.es\/wp-content\/uploads\/2023\/10\/miniatura-hotmail-caste-topaz-enhance-219x150.jpg 219w\" sizes=\"auto, (max-width: 275px) 100vw, 275px\" \/><\/li>\n<li>Crear la teva p\u00e0gina web<\/li>\n<li>Disseny web y logo<\/li>\n<li>El teu correu amb el teu nom d\u00b4empresa!! deixa\u00b4t de banda dominins &#8220;gen\u00e8.rics&#8221; i fes que despr\u00e9s de l\u00b4arrova estigui el teu nom!!!<\/li>\n<li>Alta a Google maps: posa\u00b4t el teu negoci a GOOGLE MAPS i dona\u00b4t a con\u00e8ixer per qu\u00e8 la gent pugui valorar-te i aix\u00ed tenir m\u00e9s clients i visites<\/li>\n<li>Podem crear el teu LOGO. Per molt poc podem tamb\u00e9 crear el teu logo i fer la teva marca molt m\u00e9s professional. Recorda , buscar fonts de lletres per la teva empresa no es fer un logo!<\/li>\n<\/ul>\n<p>&nbsp;<\/p>\n<p>&nbsp;<\/p>\n<p><img loading=\"lazy\" decoding=\"async\" class=\"aligncenter size-large wp-image-1009\" src=\"https:\/\/elteuinformatic.es\/wp-content\/uploads\/2023\/10\/bugamar-870x1024.jpg\" alt=\"\" width=\"840\" height=\"989\" srcset=\"https:\/\/elteuinformatic.es\/wp-content\/uploads\/2023\/10\/bugamar-870x1024.jpg 870w, https:\/\/elteuinformatic.es\/wp-content\/uploads\/2023\/10\/bugamar-255x300.jpg 255w, https:\/\/elteuinformatic.es\/wp-content\/uploads\/2023\/10\/bugamar-768x904.jpg 768w, https:\/\/elteuinformatic.es\/wp-content\/uploads\/2023\/10\/bugamar-127x150.jpg 127w, https:\/\/elteuinformatic.es\/wp-content\/uploads\/2023\/10\/bugamar.jpg 1920w\" sizes=\"auto, (max-width: 840px) 100vw, 840px\" \/><!--more--><!--more--><div class=\"wpforms-container wpforms-container-full\" id=\"wpforms-258\"><form id=\"wpforms-form-258\" class=\"wpforms-validate wpforms-form\" data-formid=\"258\" method=\"post\" enctype=\"multipart\/form-data\" action=\"\/ca\/wp-json\/wp\/v2\/pages\/915\" data-token=\"30a848a63e21a63371bc7c817a0ecda5\" data-token-time=\"1775899431\"><noscript class=\"wpforms-error-noscript\">Activeu el JavaScript al navegador per a poder completar el formulari.<\/noscript><div class=\"wpforms-field-container\"><div id=\"wpforms-258-field_0-container\" class=\"wpforms-field wpforms-field-name\" data-field-id=\"0\"><label class=\"wpforms-field-label\" for=\"wpforms-258-field_0\">Nom <span class=\"wpforms-required-label\">*<\/span><\/label><div class=\"wpforms-field-row wpforms-field-medium\"><div class=\"wpforms-field-row-block wpforms-first wpforms-one-half\"><input type=\"text\" id=\"wpforms-258-field_0\" class=\"wpforms-field-name-first wpforms-field-required\" name=\"wpforms[fields][0][first]\" required><label for=\"wpforms-258-field_0\" class=\"wpforms-field-sublabel after wpforms-sublabel-hide\">Nom<\/label><\/div><div class=\"wpforms-field-row-block wpforms-one-half\"><input type=\"text\" id=\"wpforms-258-field_0-last\" class=\"wpforms-field-name-last wpforms-field-required\" name=\"wpforms[fields][0][last]\" required><label for=\"wpforms-258-field_0-last\" class=\"wpforms-field-sublabel after wpforms-sublabel-hide\">Cognoms<\/label><\/div><\/div><\/div><div id=\"wpforms-258-field_1-container\" class=\"wpforms-field wpforms-field-email\" data-field-id=\"1\"><label class=\"wpforms-field-label\" for=\"wpforms-258-field_1\">Correu electr\u00f2nic <span class=\"wpforms-required-label\">*<\/span><\/label><input type=\"email\" id=\"wpforms-258-field_1\" class=\"wpforms-field-medium wpforms-field-required\" name=\"wpforms[fields][1]\" spellcheck=\"false\" required><\/div><div id=\"wpforms-258-field_10-container\" class=\"wpforms-field wpforms-field-text\" data-field-id=\"10\"><label class=\"wpforms-field-label\" for=\"wpforms-258-field_10\">Tel\u00e8fon <span class=\"wpforms-required-label\">*<\/span><\/label><input type=\"text\" id=\"wpforms-258-field_10\" class=\"wpforms-field-medium wpforms-field-required\" name=\"wpforms[fields][10]\" required><\/div><div id=\"wpforms-258-field_2-container\" class=\"wpforms-field wpforms-field-textarea\" data-field-id=\"2\"><label class=\"wpforms-field-label\" for=\"wpforms-258-field_2\">Comentario o mensaje <span class=\"wpforms-required-label\">*<\/span><\/label><textarea id=\"wpforms-258-field_2\" class=\"wpforms-field-medium wpforms-field-required\" name=\"wpforms[fields][2]\" required><\/textarea><\/div><div id=\"wpforms-258-field_11-container\" class=\"wpforms-field wpforms-field-checkbox\" data-field-id=\"11\"><label class=\"wpforms-field-label\">He llegit i accepto la Pol\u00edtica de Privadesa. <span class=\"wpforms-required-label\">*<\/span><\/label><ul id=\"wpforms-258-field_11\" class=\"wpforms-field-required\"><li class=\"choice-1 depth-1\"><input type=\"checkbox\" id=\"wpforms-258-field_11_1\" name=\"wpforms[fields][11][]\" value=\"Acceptar\" required ><label class=\"wpforms-field-label-inline\" for=\"wpforms-258-field_11_1\">Acceptar<\/label><\/li><\/ul><\/div><\/div><!-- .wpforms-field-container --><div class=\"wpforms-field wpforms-field-hp\"><label for=\"wpforms-258-field-hp\" class=\"wpforms-field-label\">Website<\/label><input type=\"text\" name=\"wpforms[hp]\" id=\"wpforms-258-field-hp\" class=\"wpforms-field-medium\"><\/div><div class=\"wpforms-recaptcha-container wpforms-is-recaptcha wpforms-is-recaptcha-type-invisible\" ><div class=\"g-recaptcha\" data-sitekey=\"6LfYCKMZAAAAAO8GmCI3YAZqHFycCtXHM2D9167P\" data-size=\"invisible\"><\/div><\/div><div class=\"wpforms-submit-container\" ><input type=\"hidden\" name=\"wpforms[id]\" value=\"258\"><input type=\"hidden\" name=\"page_title\" value=\"\"><input type=\"hidden\" name=\"page_url\" value=\"https:\/\/elteuinformatic.es\/ca\/wp-json\/wp\/v2\/pages\/915\"><input type=\"hidden\" name=\"url_referer\" value=\"\"><button type=\"submit\" name=\"wpforms[submit]\" id=\"wpforms-submit-258\" class=\"wpforms-submit\" data-alt-text=\"Enviando...\" data-submit-text=\"Enviar\" aria-live=\"assertive\" value=\"wpforms-submit\">Enviar<\/button><\/div><\/form><\/div>  <!-- .wpforms-container --><\/p>","protected":false},"excerpt":{"rendered":"<p>Donar d\u00b4alta el teu nom d\u00b4empresa ( domini i allotjament web) Crear la teva p\u00e0gina web Disseny web y logo El teu correu amb el teu nom d\u00b4empresa!! deixa\u00b4t de banda dominins &#8220;gen\u00e8.rics&#8221; i fes que despr\u00e9s de l\u00b4arrova estigui el teu nom!!! Alta a Google maps: posa\u00b4t el teu&#8230; <a class=\"continue-reading-link\" href=\"https:\/\/elteuinformatic.es\/ca\/disseny-web\">Seguir leyendo <span class=\"meta-nav\">&rarr; <\/span><\/a><\/p>\n","protected":false},"author":1,"featured_media":0,"parent":0,"menu_order":0,"comment_status":"closed","ping_status":"closed","template":"","meta":{"footnotes":""},"class_list":["post-915","page","type-page","status-publish","hentry"],"_links":{"self":[{"href":"https:\/\/elteuinformatic.es\/ca\/wp-json\/wp\/v2\/pages\/915","targetHints":{"allow":["GET"]}}],"collection":[{"href":"https:\/\/elteuinformatic.es\/ca\/wp-json\/wp\/v2\/pages"}],"about":[{"href":"https:\/\/elteuinformatic.es\/ca\/wp-json\/wp\/v2\/types\/page"}],"author":[{"embeddable":true,"href":"https:\/\/elteuinformatic.es\/ca\/wp-json\/wp\/v2\/users\/1"}],"replies":[{"embeddable":true,"href":"https:\/\/elteuinformatic.es\/ca\/wp-json\/wp\/v2\/comments?post=915"}],"version-history":[{"count":59,"href":"https:\/\/elteuinformatic.es\/ca\/wp-json\/wp\/v2\/pages\/915\/revisions"}],"predecessor-version":[{"id":1012,"href":"https:\/\/elteuinformatic.es\/ca\/wp-json\/wp\/v2\/pages\/915\/revisions\/1012"}],"wp:attachment":[{"href":"https:\/\/elteuinformatic.es\/ca\/wp-json\/wp\/v2\/media?parent=915"}],"curies":[{"name":"wp","href":"https:\/\/api.w.org\/{rel}","templated":true}]}}