{"id":863,"date":"2021-08-19T14:31:39","date_gmt":"2021-08-19T12:31:39","guid":{"rendered":"https:\/\/elteuinformatic.es\/politica-de-privacidad"},"modified":"2026-03-02T21:41:58","modified_gmt":"2026-03-02T20:41:58","slug":"politica-de-privacidad","status":"publish","type":"page","link":"https:\/\/elteuinformatic.es\/ca\/politica-de-privacidad","title":{"rendered":"Pol\u00edtica de Privacidad"},"content":{"rendered":"<p><\/p>\n<h2 data-start=\"156\" data-end=\"181\">POL\u00cdTICA DE PRIVACITAT<\/h2>\n<p data-start=\"183\" data-end=\"324\">En compliment del Reglament (UE) 2016\/679 (RGPD) i de la Llei Org\u00e0nica 3\/2018 (LOPDGDD), s\u2019informa als usuaris d\u2019aquest lloc web del seg\u00fcent:<\/p>\n<h3 data-start=\"326\" data-end=\"359\">1. Responsable del tractament<\/h3>\n<p data-start=\"361\" data-end=\"523\"><strong data-start=\"361\" data-end=\"373\">Titular:<\/strong> Daniel Barrientos<br data-start=\"391\" data-end=\"394\" \/><strong data-start=\"394\" data-end=\"402\">NIF:<\/strong> 38142753J<br data-start=\"412\" data-end=\"415\" \/><strong data-start=\"415\" data-end=\"428\">Domicili:<\/strong> Manso 3, Barcelona<br data-start=\"447\" data-end=\"450\" \/><strong data-start=\"450\" data-end=\"472\">Correu electr\u00f2nic:<\/strong> <a class=\"decorated-link cursor-pointer\" rel=\"noopener\" data-start=\"473\" data-end=\"496\">info@elteuinformatic.es<\/a><br data-start=\"496\" data-end=\"499\" \/><strong data-start=\"499\" data-end=\"511\">Tel\u00e8fon:<\/strong> 934507890<\/p>\n<hr data-start=\"525\" data-end=\"528\" \/>\n<h3 data-start=\"530\" data-end=\"561\">2. Finalitat del tractament<\/h3>\n<p data-start=\"563\" data-end=\"645\">Les dades personals recollides a trav\u00e9s d\u2019aquest lloc web seran utilitzades per a:<\/p>\n<ul data-start=\"647\" data-end=\"891\">\n<li data-start=\"647\" data-end=\"746\">\n<p data-start=\"649\" data-end=\"746\">Atendre consultes realitzades mitjan\u00e7ant el formulari de contacte, tel\u00e8fon o correu electr\u00f2nic.<\/p>\n<\/li>\n<li data-start=\"747\" data-end=\"812\">\n<p data-start=\"749\" data-end=\"812\">Gestionar la prestaci\u00f3 dels serveis inform\u00e0tics sol\u00b7licitats.<\/p>\n<\/li>\n<li data-start=\"813\" data-end=\"891\">\n<p data-start=\"815\" data-end=\"891\">Enviar informaci\u00f3 relacionada amb els serveis quan l\u2019usuari ho sol\u00b7liciti.<\/p>\n<\/li>\n<\/ul>\n<p data-start=\"893\" data-end=\"967\">No s\u2019elaboren perfils automatitzats ni es prenen decisions automatitzades.<\/p>\n<hr data-start=\"969\" data-end=\"972\" \/>\n<h3 data-start=\"974\" data-end=\"992\">3. Legitimaci\u00f3<\/h3>\n<p data-start=\"994\" data-end=\"1042\">La base legal per al tractament de les dades \u00e9s:<\/p>\n<ul data-start=\"1044\" data-end=\"1232\">\n<li data-start=\"1044\" data-end=\"1118\">\n<p data-start=\"1046\" data-end=\"1118\">El consentiment de l\u2019interessat en contactar o sol\u00b7licitar informaci\u00f3.<\/p>\n<\/li>\n<li data-start=\"1119\" data-end=\"1183\">\n<p data-start=\"1121\" data-end=\"1183\">L\u2019execuci\u00f3 d\u2019un contracte en cas de contractaci\u00f3 de serveis.<\/p>\n<\/li>\n<li data-start=\"1184\" data-end=\"1232\">\n<p data-start=\"1186\" data-end=\"1232\">El compliment d\u2019obligacions legals aplicables.<\/p>\n<\/li>\n<\/ul>\n<hr data-start=\"1234\" data-end=\"1237\" \/>\n<h3 data-start=\"1239\" data-end=\"1270\">4. Conservaci\u00f3 de les dades<\/h3>\n<p data-start=\"1272\" data-end=\"1307\">Les dades personals es conservaran:<\/p>\n<ul data-start=\"1309\" data-end=\"1464\">\n<li data-start=\"1309\" data-end=\"1348\">\n<p data-start=\"1311\" data-end=\"1348\">Mentre existeixi relaci\u00f3 comercial.<\/p>\n<\/li>\n<li data-start=\"1349\" data-end=\"1410\">\n<p data-start=\"1351\" data-end=\"1410\">Durant el temps necessari per complir obligacions legals.<\/p>\n<\/li>\n<li data-start=\"1411\" data-end=\"1464\">\n<p data-start=\"1413\" data-end=\"1464\">Fins que l\u2019interessat sol\u00b7liciti la seva supressi\u00f3.<\/p>\n<\/li>\n<\/ul>\n<hr data-start=\"1466\" data-end=\"1469\" \/>\n<h3 data-start=\"1471\" data-end=\"1490\">5. Destinataris<\/h3>\n<p data-start=\"1492\" data-end=\"1550\">No es cediran dades a tercers excepte per obligaci\u00f3 legal.<\/p>\n<p data-start=\"1552\" data-end=\"1744\">En cas d\u2019utilitzar serveis externs (per exemple, allotjament web o correu electr\u00f2nic), aquests prove\u00efdors actuen com a encarregats del tractament sota contracte conforme a la normativa vigent.<\/p>\n<hr data-start=\"1746\" data-end=\"1749\" \/>\n<h3 data-start=\"1751\" data-end=\"1775\">6. Drets de l\u2019usuari<\/h3>\n<p data-start=\"1777\" data-end=\"1817\">L\u2019usuari pot exercir els seg\u00fcents drets:<\/p>\n<ul data-start=\"1819\" data-end=\"2001\">\n<li data-start=\"1819\" data-end=\"1856\">\n<p data-start=\"1821\" data-end=\"1856\">Acc\u00e9s a les seves dades personals<\/p>\n<\/li>\n<li data-start=\"1857\" data-end=\"1892\">\n<p data-start=\"1859\" data-end=\"1892\">Rectificaci\u00f3 de dades inexactes<\/p>\n<\/li>\n<li data-start=\"1893\" data-end=\"1915\">\n<p data-start=\"1895\" data-end=\"1915\">Supressi\u00f3 de dades<\/p>\n<\/li>\n<li data-start=\"1916\" data-end=\"1942\">\n<p data-start=\"1918\" data-end=\"1942\">Oposici\u00f3 al tractament<\/p>\n<\/li>\n<li data-start=\"1943\" data-end=\"1971\">\n<p data-start=\"1945\" data-end=\"1971\">Limitaci\u00f3 del tractament<\/p>\n<\/li>\n<li data-start=\"1972\" data-end=\"2001\">\n<p data-start=\"1974\" data-end=\"2001\">Portabilitat de les dades<\/p>\n<\/li>\n<\/ul>\n<p data-start=\"2003\" data-end=\"2130\">Per exercir aquests drets pot enviar una sol\u00b7licitud al correu electr\u00f2nic indicat, adjuntant c\u00f2pia d\u2019un document identificatiu.<\/p>\n<p data-start=\"2132\" data-end=\"2243\">Aix\u00ed mateix, t\u00e9 dret a presentar una reclamaci\u00f3 davant l\u2019Ag\u00e8ncia Espanyola de Protecci\u00f3 de Dades (<a class=\"decorated-link\" href=\"http:\/\/www.aepd.es\" target=\"_new\" rel=\"noopener\" data-start=\"2230\" data-end=\"2241\">www.aepd.es<\/a>).<\/p>\n<hr data-start=\"2245\" data-end=\"2248\" \/>\n<h3 data-start=\"2250\" data-end=\"2279\">7. Seguretat de les dades<\/h3>\n<p data-start=\"2281\" data-end=\"2414\">S\u2019han adoptat les mesures t\u00e8cniques i organitzatives necess\u00e0ries per garantir la seguretat i confidencialitat de les dades personals.<\/p>\n<p><\/p>","protected":false},"excerpt":{"rendered":"<p>POL\u00cdTICA DE PRIVACITAT En compliment del Reglament (UE) 2016\/679 (RGPD) i de la Llei Org\u00e0nica 3\/2018 (LOPDGDD), s\u2019informa als usuaris d\u2019aquest lloc web del seg\u00fcent: 1. Responsable del tractament Titular: Daniel BarrientosNIF: 38142753JDomicili: Manso 3, BarcelonaCorreu electr\u00f2nic: info@elteuinformatic.esTel\u00e8fon: 934507890 2. Finalitat del tractament Les dades personals recollides a trav\u00e9s d\u2019aquest&#8230; <a class=\"continue-reading-link\" href=\"https:\/\/elteuinformatic.es\/ca\/politica-de-privacidad\">Seguir leyendo <span class=\"meta-nav\">&rarr; <\/span><\/a><\/p>\n","protected":false},"author":1,"featured_media":0,"parent":0,"menu_order":0,"comment_status":"closed","ping_status":"closed","template":"","meta":{"footnotes":""},"class_list":["post-863","page","type-page","status-publish","hentry"],"_links":{"self":[{"href":"https:\/\/elteuinformatic.es\/ca\/wp-json\/wp\/v2\/pages\/863","targetHints":{"allow":["GET"]}}],"collection":[{"href":"https:\/\/elteuinformatic.es\/ca\/wp-json\/wp\/v2\/pages"}],"about":[{"href":"https:\/\/elteuinformatic.es\/ca\/wp-json\/wp\/v2\/types\/page"}],"author":[{"embeddable":true,"href":"https:\/\/elteuinformatic.es\/ca\/wp-json\/wp\/v2\/users\/1"}],"replies":[{"embeddable":true,"href":"https:\/\/elteuinformatic.es\/ca\/wp-json\/wp\/v2\/comments?post=863"}],"version-history":[{"count":3,"href":"https:\/\/elteuinformatic.es\/ca\/wp-json\/wp\/v2\/pages\/863\/revisions"}],"predecessor-version":[{"id":1089,"href":"https:\/\/elteuinformatic.es\/ca\/wp-json\/wp\/v2\/pages\/863\/revisions\/1089"}],"wp:attachment":[{"href":"https:\/\/elteuinformatic.es\/ca\/wp-json\/wp\/v2\/media?parent=863"}],"curies":[{"name":"wp","href":"https:\/\/api.w.org\/{rel}","templated":true}]}}