{"id":42,"date":"2018-12-07T17:32:19","date_gmt":"2018-12-07T16:32:19","guid":{"rendered":"https:\/\/elteuinformatic.es\/?page_id=42"},"modified":"2021-04-19T10:09:15","modified_gmt":"2021-04-19T08:09:15","slug":"contacto","status":"publish","type":"page","link":"https:\/\/elteuinformatic.es\/ca\/contacto","title":{"rendered":"Contacte"},"content":{"rendered":"<p><img loading=\"lazy\" decoding=\"async\" class=\"aligncenter wp-image-670\" src=\"https:\/\/elteuinformatic.es\/wp-content\/uploads\/2019\/05\/contact-us-2993000_640.jpg\" alt=\"\" width=\"763\" height=\"504\" srcset=\"https:\/\/elteuinformatic.es\/wp-content\/uploads\/2019\/05\/contact-us-2993000_640.jpg 640w, https:\/\/elteuinformatic.es\/wp-content\/uploads\/2019\/05\/contact-us-2993000_640-300x198.jpg 300w, https:\/\/elteuinformatic.es\/wp-content\/uploads\/2019\/05\/contact-us-2993000_640-150x99.jpg 150w, https:\/\/elteuinformatic.es\/wp-content\/uploads\/2019\/05\/contact-us-2993000_640-227x150.jpg 227w\" sizes=\"auto, (max-width: 763px) 100vw, 763px\" \/><\/p>\n<p>El Teu Inform\u00e0tic \u00e9s una empresa inform\u00e0tica amb seu a <strong>Barcelona<\/strong>. Ens dediquem a oferir <strong>ajuda inform\u00e0tica a domicili<\/strong>, a particulars i empreses. Vivim i ens apassionem amb la inform\u00e0tica des de els seus origens. Pensem que les persones necessiten a alg\u00fa de confian\u00e7a a qui trucar quan tenen un problemes inform\u00e0tics. Per aix\u00f2 neix <strong>El Teu Inform\u00e0tic<\/strong>.<\/p>\n<p>www.elteuinformatic.es\u00a0 li ofereix ajuda inform\u00e0tica sense que hagi de despla\u00e7ar-se. Podem reparar el seu ordinador <strong>a domicili<\/strong>, o podem reparar-lo o\u00a0 actualit\u00e7ar-lo\u00a0 en les nostres depend\u00e8ncies i retornar-lo com nou!<\/p>\n<h4 style=\"text-align: center;\">Truquins al nostre tel\u00e8fon:<\/h4>\n<h4 style=\"text-align: center;\"><a href=\"tel:934507890\"><span style=\"color: #ff0000;\">93 450 78 90\u00a0<\/span><\/a><\/h4>\n<h4><a href=\"tel:934507890\"><img loading=\"lazy\" decoding=\"async\" class=\"wp-image-553 size-full aligncenter\" title=\"934507890\" src=\"https:\/\/elteuinformatic.es\/wp-content\/uploads\/2019\/02\/telefono3d_web2-1.jpg\" alt=\"\" width=\"99\" height=\"132\" \/><\/a><\/h4>\n<h4 style=\"text-align: center;\">escriviu-nos per Whatsapp al:<\/h4>\n<h4 style=\"text-align: center;\"><a href=\"https:\/\/api.whatsapp.com\/send\/?phone=+34684186811&amp;text&amp;app_absent=0\"><span style=\"color: #ff0000;\">684 18 68 11<\/span><\/a><\/h4>\n<h2><a href=\"https:\/\/api.whatsapp.com\/send\/?phone=+34684186811&amp;text&amp;app_absent=0\"><img loading=\"lazy\" decoding=\"async\" class=\"wp-image-550 size-full aligncenter\" title=\"684186811\" src=\"https:\/\/elteuinformatic.es\/wp-content\/uploads\/2019\/02\/WHATS_3D_WEB.jpg\" alt=\"\" width=\"125\" height=\"125\" \/><\/a><\/h2>\n<h4 style=\"text-align: center;\">O et truquem nosaltres<\/h4>\n<p><img loading=\"lazy\" decoding=\"async\" class=\"wp-image-516 size-full aligncenter\" src=\"https:\/\/elteuinformatic.es\/wp-content\/uploads\/2019\/02\/operadora-1.jpg\" alt=\"\" width=\"176\" height=\"159\" srcset=\"https:\/\/elteuinformatic.es\/wp-content\/uploads\/2019\/02\/operadora-1.jpg 176w, https:\/\/elteuinformatic.es\/wp-content\/uploads\/2019\/02\/operadora-1-150x136.jpg 150w, https:\/\/elteuinformatic.es\/wp-content\/uploads\/2019\/02\/operadora-1-166x150.jpg 166w\" sizes=\"auto, (max-width: 176px) 100vw, 176px\" \/><\/p>\n<p>&nbsp;<\/p>\n<p style=\"text-align: left;\"><div class=\"wpforms-container wpforms-container-full\" id=\"wpforms-258\"><form id=\"wpforms-form-258\" class=\"wpforms-validate wpforms-form\" data-formid=\"258\" method=\"post\" enctype=\"multipart\/form-data\" action=\"\/ca\/wp-json\/wp\/v2\/pages\/42\" data-token=\"30a848a63e21a63371bc7c817a0ecda5\" data-token-time=\"1775899645\"><noscript class=\"wpforms-error-noscript\">Activeu el JavaScript al navegador per a poder completar el formulari.<\/noscript><div class=\"wpforms-field-container\"><div id=\"wpforms-258-field_0-container\" class=\"wpforms-field wpforms-field-name\" data-field-id=\"0\"><label class=\"wpforms-field-label\" for=\"wpforms-258-field_0\">Nom <span class=\"wpforms-required-label\">*<\/span><\/label><div class=\"wpforms-field-row wpforms-field-medium\"><div class=\"wpforms-field-row-block wpforms-first wpforms-one-half\"><input type=\"text\" id=\"wpforms-258-field_0\" class=\"wpforms-field-name-first wpforms-field-required\" name=\"wpforms[fields][0][first]\" required><label for=\"wpforms-258-field_0\" class=\"wpforms-field-sublabel after wpforms-sublabel-hide\">Nom<\/label><\/div><div class=\"wpforms-field-row-block wpforms-one-half\"><input type=\"text\" id=\"wpforms-258-field_0-last\" class=\"wpforms-field-name-last wpforms-field-required\" name=\"wpforms[fields][0][last]\" required><label for=\"wpforms-258-field_0-last\" class=\"wpforms-field-sublabel after wpforms-sublabel-hide\">Cognoms<\/label><\/div><\/div><\/div><div id=\"wpforms-258-field_1-container\" class=\"wpforms-field wpforms-field-email\" data-field-id=\"1\"><label class=\"wpforms-field-label\" for=\"wpforms-258-field_1\">Correu electr\u00f2nic <span class=\"wpforms-required-label\">*<\/span><\/label><input type=\"email\" id=\"wpforms-258-field_1\" class=\"wpforms-field-medium wpforms-field-required\" name=\"wpforms[fields][1]\" spellcheck=\"false\" required><\/div><div id=\"wpforms-258-field_10-container\" class=\"wpforms-field wpforms-field-text\" data-field-id=\"10\"><label class=\"wpforms-field-label\" for=\"wpforms-258-field_10\">Tel\u00e8fon <span class=\"wpforms-required-label\">*<\/span><\/label><input type=\"text\" id=\"wpforms-258-field_10\" class=\"wpforms-field-medium wpforms-field-required\" name=\"wpforms[fields][10]\" required><\/div><div id=\"wpforms-258-field_2-container\" class=\"wpforms-field wpforms-field-textarea\" data-field-id=\"2\"><label class=\"wpforms-field-label\" for=\"wpforms-258-field_2\">Comentario o mensaje <span class=\"wpforms-required-label\">*<\/span><\/label><textarea id=\"wpforms-258-field_2\" class=\"wpforms-field-medium wpforms-field-required\" name=\"wpforms[fields][2]\" required><\/textarea><\/div><div id=\"wpforms-258-field_11-container\" class=\"wpforms-field wpforms-field-checkbox\" data-field-id=\"11\"><label class=\"wpforms-field-label\">He llegit i accepto la Pol\u00edtica de Privadesa. <span class=\"wpforms-required-label\">*<\/span><\/label><ul id=\"wpforms-258-field_11\" class=\"wpforms-field-required\"><li class=\"choice-1 depth-1\"><input type=\"checkbox\" id=\"wpforms-258-field_11_1\" name=\"wpforms[fields][11][]\" value=\"Acceptar\" required ><label class=\"wpforms-field-label-inline\" for=\"wpforms-258-field_11_1\">Acceptar<\/label><\/li><\/ul><\/div><\/div><!-- .wpforms-field-container --><div class=\"wpforms-field wpforms-field-hp\"><label for=\"wpforms-258-field-hp\" class=\"wpforms-field-label\">Website<\/label><input type=\"text\" name=\"wpforms[hp]\" id=\"wpforms-258-field-hp\" class=\"wpforms-field-medium\"><\/div><div class=\"wpforms-recaptcha-container wpforms-is-recaptcha wpforms-is-recaptcha-type-invisible\" ><div class=\"g-recaptcha\" data-sitekey=\"6LfYCKMZAAAAAO8GmCI3YAZqHFycCtXHM2D9167P\" data-size=\"invisible\"><\/div><\/div><div class=\"wpforms-submit-container\" ><input type=\"hidden\" name=\"wpforms[id]\" value=\"258\"><input type=\"hidden\" name=\"page_title\" value=\"\"><input type=\"hidden\" name=\"page_url\" value=\"https:\/\/elteuinformatic.es\/ca\/wp-json\/wp\/v2\/pages\/42\"><input type=\"hidden\" name=\"url_referer\" value=\"\"><button type=\"submit\" name=\"wpforms[submit]\" id=\"wpforms-submit-258\" class=\"wpforms-submit\" data-alt-text=\"Enviando...\" data-submit-text=\"Enviar\" aria-live=\"assertive\" value=\"wpforms-submit\">Enviar<\/button><\/div><\/form><\/div>  <!-- .wpforms-container --><\/p>\n<p><\/p>","protected":false},"excerpt":{"rendered":"<p>El Teu Inform\u00e0tic \u00e9s una empresa inform\u00e0tica amb seu a Barcelona. Ens dediquem a oferir ajuda inform\u00e0tica a domicili, a particulars i empreses. Vivim i ens apassionem amb la inform\u00e0tica des de els seus origens. Pensem que les persones necessiten a alg\u00fa de confian\u00e7a a qui trucar quan tenen un&#8230; <a class=\"continue-reading-link\" href=\"https:\/\/elteuinformatic.es\/ca\/contacto\">Seguir leyendo <span class=\"meta-nav\">&rarr; <\/span><\/a><\/p>\n","protected":false},"author":1,"featured_media":0,"parent":0,"menu_order":0,"comment_status":"closed","ping_status":"closed","template":"","meta":{"footnotes":""},"class_list":["post-42","page","type-page","status-publish","hentry"],"_links":{"self":[{"href":"https:\/\/elteuinformatic.es\/ca\/wp-json\/wp\/v2\/pages\/42","targetHints":{"allow":["GET"]}}],"collection":[{"href":"https:\/\/elteuinformatic.es\/ca\/wp-json\/wp\/v2\/pages"}],"about":[{"href":"https:\/\/elteuinformatic.es\/ca\/wp-json\/wp\/v2\/types\/page"}],"author":[{"embeddable":true,"href":"https:\/\/elteuinformatic.es\/ca\/wp-json\/wp\/v2\/users\/1"}],"replies":[{"embeddable":true,"href":"https:\/\/elteuinformatic.es\/ca\/wp-json\/wp\/v2\/comments?post=42"}],"version-history":[{"count":25,"href":"https:\/\/elteuinformatic.es\/ca\/wp-json\/wp\/v2\/pages\/42\/revisions"}],"predecessor-version":[{"id":839,"href":"https:\/\/elteuinformatic.es\/ca\/wp-json\/wp\/v2\/pages\/42\/revisions\/839"}],"wp:attachment":[{"href":"https:\/\/elteuinformatic.es\/ca\/wp-json\/wp\/v2\/media?parent=42"}],"curies":[{"name":"wp","href":"https:\/\/api.w.org\/{rel}","templated":true}]}}