{"id":39,"date":"2018-12-07T17:26:00","date_gmt":"2018-12-07T16:26:00","guid":{"rendered":"https:\/\/elteuinformatic.es\/?page_id=39"},"modified":"2023-10-23T15:04:21","modified_gmt":"2023-10-23T13:04:21","slug":"precios-de-reparacion","status":"publish","type":"page","link":"https:\/\/elteuinformatic.es\/ca\/precios-de-reparacion","title":{"rendered":"PREUS"},"content":{"rendered":"<p>&nbsp;<\/p>\n<p dir=\"ltr\" data-placeholder=\"Traducci\u00f3n\"><img loading=\"lazy\" decoding=\"async\" class=\"aligncenter wp-image-663\" src=\"https:\/\/elteuinformatic.es\/wp-content\/uploads\/2019\/05\/calculator-385506_640.jpg\" alt=\"\" width=\"773\" height=\"455\" srcset=\"https:\/\/elteuinformatic.es\/wp-content\/uploads\/2019\/05\/calculator-385506_640.jpg 640w, https:\/\/elteuinformatic.es\/wp-content\/uploads\/2019\/05\/calculator-385506_640-300x177.jpg 300w, https:\/\/elteuinformatic.es\/wp-content\/uploads\/2019\/05\/calculator-385506_640-150x88.jpg 150w, https:\/\/elteuinformatic.es\/wp-content\/uploads\/2019\/05\/calculator-385506_640-250x147.jpg 250w\" sizes=\"auto, (max-width: 773px) 100vw, 773px\" \/><\/p>\n<p id=\"tw-target-text\" class=\"tw-data-text tw-ta tw-text-small\" dir=\"ltr\" data-placeholder=\"Traducci\u00f3n\"><span lang=\"ca\" tabindex=\"0\">Ens agrada treballar amb preus tancats, perqu\u00e8 no tinguis sorpreses. En el cas de la formaci\u00f3 inform\u00e0tica a domicili o\/i dom\u00f2tica\u00a0 fem una visita i parlem<br \/>\n<\/span><\/p>\n<p>&nbsp;<\/p>\n<div class=\"oSioSc\">\n<div id=\"tw-target\">\n<div id=\"tw-target-text-container\" class=\"gsrt tw-ta-container tw-nfl\" style=\"text-align: center;\">\n<h5 id=\"tw-target-text\" class=\"tw-data-text tw-ta tw-text-medium\" dir=\"ltr\" data-placeholder=\"Traducci\u00f3n\"><span lang=\"ca\" tabindex=\"0\">Reparaci\u00f3 d&#8217;ordinadors:<\/span><\/h5>\n<\/div>\n<\/div>\n<\/div>\n<p><img loading=\"lazy\" decoding=\"async\" class=\"aligncenter wp-image-253 \" src=\"https:\/\/elteuinformatic.es\/wp-content\/uploads\/2019\/01\/portada-1024x633.jpg\" alt=\"\" width=\"807\" height=\"499\" srcset=\"https:\/\/elteuinformatic.es\/wp-content\/uploads\/2019\/01\/portada-1024x633.jpg 1024w, https:\/\/elteuinformatic.es\/wp-content\/uploads\/2019\/01\/portada-300x186.jpg 300w, https:\/\/elteuinformatic.es\/wp-content\/uploads\/2019\/01\/portada-768x475.jpg 768w, https:\/\/elteuinformatic.es\/wp-content\/uploads\/2019\/01\/portada-150x93.jpg 150w, https:\/\/elteuinformatic.es\/wp-content\/uploads\/2019\/01\/portada-243x150.jpg 243w, https:\/\/elteuinformatic.es\/wp-content\/uploads\/2019\/01\/portada-20x12.jpg 20w, https:\/\/elteuinformatic.es\/wp-content\/uploads\/2019\/01\/portada.jpg 1279w\" sizes=\"auto, (max-width: 807px) 100vw, 807px\" \/><\/p>\n<p>&nbsp;<\/p>\n<h4>Servei plus (TARIFA PLANA) (<strong><em>fins 2 hores<\/em><\/strong>) inclou:<\/h4>\n<ul>\n<li>Neteja d&#8217;ordinador<img loading=\"lazy\" decoding=\"async\" class=\"alignright wp-image-480 size-full\" src=\"https:\/\/elteuinformatic.es\/wp-content\/uploads\/2019\/02\/cerdito.jpg\" alt=\"\" width=\"181\" height=\"206\" srcset=\"https:\/\/elteuinformatic.es\/wp-content\/uploads\/2019\/02\/cerdito.jpg 181w, https:\/\/elteuinformatic.es\/wp-content\/uploads\/2019\/02\/cerdito-132x150.jpg 132w\" sizes=\"auto, (max-width: 181px) 100vw, 181px\" \/><\/li>\n<li>Recuperaci\u00f3 de dades<\/li>\n<li>Reinstal\u00b7laci\u00f3 de sistema operatiu <strong>si es necessari<\/strong><\/li>\n<li>C\u00f2pia de seguretat\u00a0 *suport f\u00edsic d\u00b4enmagatzematge de la informaci\u00f3 no incl\u00f2s (disc dur extern, pendrive,etc)<\/li>\n<\/ul>\n<p>*pot vari\u00e0 segons les necessitats del servei i valoracions del t\u00e8cnic<\/p>\n<p><em>\u00a0<\/em><\/p>\n<div class=\"oSioSc\">\n<div id=\"tw-target\">\n<div id=\"tw-target-text-container\" class=\"gsrt tw-ta-container tw-nfl\">\n<h5 id=\"tw-target-text\" class=\"tw-data-text tw-ta tw-text-small\" dir=\"ltr\" style=\"text-align: center;\" data-placeholder=\"Traducci\u00f3n\"><span lang=\"ca\" tabindex=\"0\">\u00a0<\/span><\/h5>\n<\/div>\n<\/div>\n<\/div>\n<h5 dir=\"ltr\" data-placeholder=\"Traducci\u00f3n\"><\/h5>\n<h5 id=\"tw-target-text\" class=\"tw-data-text tw-ta tw-text-small\" dir=\"ltr\" style=\"text-align: center;\" data-placeholder=\"Traducci\u00f3n\"><span lang=\"ca\" tabindex=\"0\">Manteniment inform\u00e0tic per a empreses:<\/span><\/h5>\n<p><img loading=\"lazy\" decoding=\"async\" class=\"wp-image-587 aligncenter\" src=\"https:\/\/elteuinformatic.es\/wp-content\/uploads\/2019\/02\/business_web0.jpg\" alt=\"\" width=\"830\" height=\"553\" srcset=\"https:\/\/elteuinformatic.es\/wp-content\/uploads\/2019\/02\/business_web0.jpg 576w, https:\/\/elteuinformatic.es\/wp-content\/uploads\/2019\/02\/business_web0-300x200.jpg 300w, https:\/\/elteuinformatic.es\/wp-content\/uploads\/2019\/02\/business_web0-150x100.jpg 150w, https:\/\/elteuinformatic.es\/wp-content\/uploads\/2019\/02\/business_web0-225x150.jpg 225w\" sizes=\"auto, (max-width: 830px) 100vw, 830px\" \/><\/p>\n<h4 style=\"text-align: center;\">Truca per informar-te. Nosaltres ens ajustem a les teves necessitats<\/h4>\n<div class=\"oSioSc\">\n<div id=\"tw-target\">\n<div id=\"tw-target-text-container\" class=\"gsrt tw-ta-container tw-nfl\">\n<p id=\"tw-target-text\" class=\"tw-data-text tw-ta tw-text-small\" dir=\"ltr\" data-placeholder=\"Traducci\u00f3n\"><span lang=\"ca\" tabindex=\"0\">* Despla\u00e7ament, Barcelona ciutat i \u00e0rea metropolitana incl\u00f2s en els preus.<br \/>\n<\/span><\/p>\n<h5 id=\"tw-target-text\" class=\"tw-data-text tw-ta tw-text-small\" dir=\"ltr\" style=\"text-align: center;\" data-placeholder=\"Traducci\u00f3n\"><span lang=\"ca\" tabindex=\"0\">INSTAL\u00b7LACI\u00d3 \/ CONFIGURACI\u00d3 DOM\u00d2TICA<\/span><\/h5>\n<\/div>\n<\/div>\n<\/div>\n<div class=\"oSioSc\">\n<div id=\"tw-target\">\n<div id=\"tw-target-text-container\" class=\"gsrt tw-ta-container tw-nfl\">\n<p><img loading=\"lazy\" decoding=\"async\" class=\" wp-image-558 aligncenter\" src=\"https:\/\/elteuinformatic.es\/wp-content\/uploads\/2019\/02\/interruptor_wifi.jpg\" alt=\"\" width=\"814\" height=\"810\" srcset=\"https:\/\/elteuinformatic.es\/wp-content\/uploads\/2019\/02\/interruptor_wifi.jpg 495w, https:\/\/elteuinformatic.es\/wp-content\/uploads\/2019\/02\/interruptor_wifi-150x150.jpg 150w, https:\/\/elteuinformatic.es\/wp-content\/uploads\/2019\/02\/interruptor_wifi-300x300.jpg 300w, https:\/\/elteuinformatic.es\/wp-content\/uploads\/2019\/02\/interruptor_wifi-151x150.jpg 151w\" sizes=\"auto, (max-width: 814px) 100vw, 814px\" \/><\/p>\n<h5 id=\"tw-target-text\" class=\"tw-data-text tw-ta tw-text-small\" dir=\"ltr\" style=\"text-align: center;\" data-placeholder=\"Traducci\u00f3n\"><span lang=\"ca\" tabindex=\"0\">\u00a0<\/span><\/h5>\n<\/div>\n<\/div>\n<\/div>\n<ul>\n<li id=\"tw-target-text\" class=\"tw-data-text tw-ta tw-text-small\" dir=\"ltr\" data-placeholder=\"Traducci\u00f3n\"><span lang=\"ca\" tabindex=\"0\"><strong>BASIC<\/strong>: fins a 4 dispositvos, configuraci\u00f3 ON \/ OFF amb aplicaci\u00f3 m\u00f2bil * <\/span><\/li>\n<li class=\"tw-data-text tw-ta tw-text-small\" dir=\"ltr\" data-placeholder=\"Traducci\u00f3n\"><span lang=\"ca\" tabindex=\"0\"><strong>ADVANCE<\/strong>: fins a 7 dispositius, configuraci\u00f3 ON \/ OFF amb aplicaci\u00f3 m\u00f2bil *<\/span><\/li>\n<li class=\"tw-data-text tw-ta tw-text-small\" dir=\"ltr\" data-placeholder=\"Traducci\u00f3n\"><span lang=\"ca\" tabindex=\"0\"><strong>PREMIUM<\/strong>: fins a 12 dispositius configuraci\u00f3 per encendre i apagar, programaci\u00f3 de rutines i suport per a control per veu *<\/span><\/li>\n<\/ul>\n<p id=\"tw-target-text\" class=\"tw-data-text tw-ta tw-text-small\" dir=\"ltr\" data-placeholder=\"Traducci\u00f3n\"><span lang=\"ca\" tabindex=\"0\">*Preus susceptibles a canvis sense previ av\u00eds segons tarifes de maquinari vinculat, caracter\u00edstiques especials, <\/span><span lang=\"ca\" tabindex=\"0\">canvi o configuraci\u00f3 ali\u00e8 a est\u00e0ndards inclosos. Requereix connexi\u00f3 sense fil estable en el domicili i en el dispositiu m\u00f2bil 2G i \/ o 5G. No ens fem responsables d\u00b4errors en el sumisitre de connexi\u00f3 internet, ni suport d&#8217;aplicacions de tercers en Android o Iphone i \/ o qualsevol dispositiu de connexi\u00f3 vinculat a la connexi\u00f3 establerta per a la interacci\u00f3 dom\u00f2tica aix\u00ed com possibles danys o perjudicis propis o tercers per mal funcionament o mal \u00fas. Qualsevol manipulaci\u00f3 indeguda\u00a0 dels dispositius o gesti\u00f3 de l&#8217;aplicaci\u00f3 dom\u00f2tica una vegada conclosa la configuraci\u00f3, queda restringida al propietari del mateix desvinculant tota responsabilitat del treball realitzat pel nostre servei.<\/span><\/p>\n<p style=\"text-align: left;\"><a class=\"short-button-light\" target=\"_blank\" href=\"#\" title=\"\u00a0Contacta amb nosaltres! \" >\u00a0Contacta amb nosaltres! <\/a><\/p>\n<p><\/p>","protected":false},"excerpt":{"rendered":"<p>&nbsp; Ens agrada treballar amb preus tancats, perqu\u00e8 no tinguis sorpreses. En el cas de la formaci\u00f3 inform\u00e0tica a domicili o\/i dom\u00f2tica\u00a0 fem una visita i parlem &nbsp; Reparaci\u00f3 d&#8217;ordinadors: &nbsp; Servei plus (TARIFA PLANA) (fins 2 hores) inclou: Neteja d&#8217;ordinador Recuperaci\u00f3 de dades Reinstal\u00b7laci\u00f3 de sistema operatiu si es&#8230; <a class=\"continue-reading-link\" href=\"https:\/\/elteuinformatic.es\/ca\/precios-de-reparacion\">Seguir leyendo <span class=\"meta-nav\">&rarr; <\/span><\/a><\/p>\n","protected":false},"author":1,"featured_media":0,"parent":0,"menu_order":0,"comment_status":"closed","ping_status":"closed","template":"","meta":{"footnotes":""},"class_list":["post-39","page","type-page","status-publish","hentry"],"_links":{"self":[{"href":"https:\/\/elteuinformatic.es\/ca\/wp-json\/wp\/v2\/pages\/39","targetHints":{"allow":["GET"]}}],"collection":[{"href":"https:\/\/elteuinformatic.es\/ca\/wp-json\/wp\/v2\/pages"}],"about":[{"href":"https:\/\/elteuinformatic.es\/ca\/wp-json\/wp\/v2\/types\/page"}],"author":[{"embeddable":true,"href":"https:\/\/elteuinformatic.es\/ca\/wp-json\/wp\/v2\/users\/1"}],"replies":[{"embeddable":true,"href":"https:\/\/elteuinformatic.es\/ca\/wp-json\/wp\/v2\/comments?post=39"}],"version-history":[{"count":58,"href":"https:\/\/elteuinformatic.es\/ca\/wp-json\/wp\/v2\/pages\/39\/revisions"}],"predecessor-version":[{"id":1007,"href":"https:\/\/elteuinformatic.es\/ca\/wp-json\/wp\/v2\/pages\/39\/revisions\/1007"}],"wp:attachment":[{"href":"https:\/\/elteuinformatic.es\/ca\/wp-json\/wp\/v2\/media?parent=39"}],"curies":[{"name":"wp","href":"https:\/\/api.w.org\/{rel}","templated":true}]}}