{"id":28,"date":"2018-12-07T17:03:02","date_gmt":"2018-12-07T16:03:02","guid":{"rendered":"https:\/\/elteuinformatic.es\/?page_id=28"},"modified":"2026-03-05T14:50:08","modified_gmt":"2026-03-05T13:50:08","slug":"mantenimiento-para-empresas","status":"publish","type":"page","link":"https:\/\/elteuinformatic.es\/ca\/mantenimiento-para-empresas","title":{"rendered":"Manteniment per a empreses"},"content":{"rendered":"<p>Amb 25 anys d&#8217;experi\u00e8ncia, oferim el nostre servei de manteniment inform\u00e0tic per a empreses professional i r\u00e0pid. Tant com si necessita una reparaci\u00f3 puntual com si es requereix una trasllat  integral d&#8217;ordinadors, a El Teu Inform\u00e0tic trobar\u00e0 el servei professional que necessita.<\/p>\n<h3><strong>Ens dediquem a la instal\u00b7laci\u00f3 i manteniment de sistemes inform\u00e0tics. Oferim suport IT a empreses.<\/strong><\/h3>\n<div id=\"attachment_74\" style=\"width: 310px\" class=\"wp-caption alignright\"><img loading=\"lazy\" decoding=\"async\" aria-describedby=\"caption-attachment-74\" class=\"wp-image-74 size-medium\" src=\"https:\/\/elteuinformatic.es\/wp-content\/uploads\/2018\/12\/qnap-300x300.jpg\" alt=\"\" width=\"300\" height=\"300\" srcset=\"https:\/\/elteuinformatic.es\/wp-content\/uploads\/2018\/12\/qnap-300x300.jpg 300w, https:\/\/elteuinformatic.es\/wp-content\/uploads\/2018\/12\/qnap-150x150.jpg 150w, https:\/\/elteuinformatic.es\/wp-content\/uploads\/2018\/12\/qnap-768x768.jpg 768w, https:\/\/elteuinformatic.es\/wp-content\/uploads\/2018\/12\/qnap-20x20.jpg 20w, https:\/\/elteuinformatic.es\/wp-content\/uploads\/2018\/12\/qnap.jpg 800w\" sizes=\"auto, (max-width: 300px) 100vw, 300px\" \/><p id=\"caption-attachment-74\" class=\"wp-caption-text\">Servidores NAS<\/p><\/div>\n<p>La nostra experi\u00e8ncia ens avala com a empresa prove\u00efdora de solucions inform\u00e0tiques per a aut\u00f2noms i pimes.<\/p>\n<p>La nostra proposta per a empreses se centra en:<\/p>\n<ul>\n<li>Manteniment inform\u00e0tic integral<\/li>\n<li>Reparaci\u00f3 d&#8217;ordinadors (maquinari i programari)<\/li>\n<li>Xarxes i servidors (Windows, Linux, Mac)<\/li>\n<li>Venda d&#8217;ordinadors per a empresa<\/li>\n<li>Consultoria web: Posicionament en cercadors (SEO), publicitat online (SEM).<\/li>\n<li>Sistemes automatitzats de backup<\/li>\n<li>Cloud computing<\/li>\n<\/ul>\n<h6>Quedem?<\/h6>\n<p>Truqui&#8217;ns i li farem una visita, junts podrem veure les seves necessitats i oferir-li un servei inform\u00e0tic d&#8217;acord amb el que la seva empresa necessita: ni m\u00e9s ni menys.<\/p>\n<p><img loading=\"lazy\" decoding=\"async\" class=\"alignnone size-full wp-image-168\" src=\"https:\/\/elteuinformatic.es\/wp-content\/uploads\/2019\/01\/server.jpg\" alt=\"\" width=\"1152\" height=\"309\" srcset=\"https:\/\/elteuinformatic.es\/wp-content\/uploads\/2019\/01\/server.jpg 1152w, https:\/\/elteuinformatic.es\/wp-content\/uploads\/2019\/01\/server-300x80.jpg 300w, https:\/\/elteuinformatic.es\/wp-content\/uploads\/2019\/01\/server-768x206.jpg 768w, https:\/\/elteuinformatic.es\/wp-content\/uploads\/2019\/01\/server-1024x275.jpg 1024w, https:\/\/elteuinformatic.es\/wp-content\/uploads\/2019\/01\/server-150x40.jpg 150w, https:\/\/elteuinformatic.es\/wp-content\/uploads\/2019\/01\/server-250x67.jpg 250w, https:\/\/elteuinformatic.es\/wp-content\/uploads\/2019\/01\/server-20x5.jpg 20w\" sizes=\"auto, (max-width: 1152px) 100vw, 1152px\" \/><\/p>\n<h6>Contracti el nostre servei per a empreses<\/h6>\n<h3><\/h3>\n<div class=\"wpforms-container wpforms-container-full\" id=\"wpforms-238\"><form id=\"wpforms-form-238\" class=\"wpforms-validate wpforms-form\" data-formid=\"238\" method=\"post\" enctype=\"multipart\/form-data\" action=\"\/ca\/wp-json\/wp\/v2\/pages\/28\" data-token=\"92c4b9239c23167fc826d6aa0f750d46\" data-token-time=\"1775899332\"><noscript class=\"wpforms-error-noscript\">Activeu el JavaScript al navegador per a poder completar el formulari.<\/noscript><div class=\"wpforms-field-container\"><div id=\"wpforms-238-field_0-container\" class=\"wpforms-field wpforms-field-name\" data-field-id=\"0\"><label class=\"wpforms-field-label\">Nombre <span class=\"wpforms-required-label\">*<\/span><\/label><div class=\"wpforms-field-row wpforms-field-medium\"><div class=\"wpforms-field-row-block wpforms-first wpforms-one-half\"><input type=\"text\" id=\"wpforms-238-field_0\" class=\"wpforms-field-name-first wpforms-field-required\" name=\"wpforms[fields][0][first]\" required><label for=\"wpforms-238-field_0\" class=\"wpforms-field-sublabel after\">Nom<\/label><\/div><div class=\"wpforms-field-row-block wpforms-one-half\"><input type=\"text\" id=\"wpforms-238-field_0-last\" class=\"wpforms-field-name-last wpforms-field-required\" name=\"wpforms[fields][0][last]\" required><label for=\"wpforms-238-field_0-last\" class=\"wpforms-field-sublabel after\">Cognoms<\/label><\/div><\/div><\/div><div id=\"wpforms-238-field_6-container\" class=\"wpforms-field wpforms-field-text\" data-field-id=\"6\"><label class=\"wpforms-field-label\" for=\"wpforms-238-field_6\">Tel\u00e9fono <span class=\"wpforms-required-label\">*<\/span><\/label><input type=\"text\" id=\"wpforms-238-field_6\" class=\"wpforms-field-medium wpforms-field-required\" name=\"wpforms[fields][6]\" required><\/div><div id=\"wpforms-238-field_1-container\" class=\"wpforms-field wpforms-field-email\" data-field-id=\"1\"><label class=\"wpforms-field-label\" for=\"wpforms-238-field_1\">Correo electr\u00f3nico <span class=\"wpforms-required-label\">*<\/span><\/label><input type=\"email\" id=\"wpforms-238-field_1\" class=\"wpforms-field-medium wpforms-field-required\" name=\"wpforms[fields][1]\" spellcheck=\"false\" required><\/div><div id=\"wpforms-238-field_2-container\" class=\"wpforms-field wpforms-field-textarea\" data-field-id=\"2\"><label class=\"wpforms-field-label\" for=\"wpforms-238-field_2\">Comentario o mensaje <span class=\"wpforms-required-label\">*<\/span><\/label><textarea id=\"wpforms-238-field_2\" class=\"wpforms-field-medium wpforms-field-required\" name=\"wpforms[fields][2]\" required><\/textarea><\/div><div id=\"wpforms-238-field_7-container\" class=\"wpforms-field wpforms-field-checkbox\" data-field-id=\"7\"><label class=\"wpforms-field-label\">He le\u00eddo y acepto la Pol\u00edtica de Privacidad. <span class=\"wpforms-required-label\">*<\/span><\/label><ul id=\"wpforms-238-field_7\" class=\"wpforms-field-required\"><li class=\"choice-1 depth-1\"><input type=\"checkbox\" id=\"wpforms-238-field_7_1\" name=\"wpforms[fields][7][]\" value=\"Aceptar\" required ><label class=\"wpforms-field-label-inline\" for=\"wpforms-238-field_7_1\">Aceptar<\/label><\/li><\/ul><\/div><\/div><!-- .wpforms-field-container --><div class=\"wpforms-field wpforms-field-hp\"><label for=\"wpforms-238-field-hp\" class=\"wpforms-field-label\">Name<\/label><input type=\"text\" name=\"wpforms[hp]\" id=\"wpforms-238-field-hp\" class=\"wpforms-field-medium\"><\/div><div class=\"wpforms-recaptcha-container wpforms-is-recaptcha wpforms-is-recaptcha-type-invisible\" ><div class=\"g-recaptcha\" data-sitekey=\"6LfYCKMZAAAAAO8GmCI3YAZqHFycCtXHM2D9167P\" data-size=\"invisible\"><\/div><\/div><div class=\"wpforms-submit-container\" ><input type=\"hidden\" name=\"wpforms[id]\" value=\"238\"><input type=\"hidden\" name=\"page_title\" value=\"\"><input type=\"hidden\" name=\"page_url\" value=\"https:\/\/elteuinformatic.es\/ca\/wp-json\/wp\/v2\/pages\/28\"><input type=\"hidden\" name=\"url_referer\" value=\"\"><button type=\"submit\" name=\"wpforms[submit]\" id=\"wpforms-submit-238\" class=\"wpforms-submit\" data-alt-text=\"Enviando...\" data-submit-text=\"Enviar\" aria-live=\"assertive\" value=\"wpforms-submit\">Enviar<\/button><\/div><\/form><\/div>  <!-- .wpforms-container -->\n<p><\/p>","protected":false},"excerpt":{"rendered":"<p>Amb 25 anys d&#8217;experi\u00e8ncia, oferim el nostre servei de manteniment inform\u00e0tic per a empreses professional i r\u00e0pid. Tant com si necessita una reparaci\u00f3 puntual com si es requereix una trasllat integral d&#8217;ordinadors, a El Teu Inform\u00e0tic trobar\u00e0 el servei professional que necessita. Ens dediquem a la instal\u00b7laci\u00f3 i manteniment de&#8230; <a class=\"continue-reading-link\" href=\"https:\/\/elteuinformatic.es\/ca\/mantenimiento-para-empresas\">Seguir leyendo <span class=\"meta-nav\">&rarr; <\/span><\/a><\/p>\n","protected":false},"author":1,"featured_media":0,"parent":0,"menu_order":0,"comment_status":"closed","ping_status":"closed","template":"","meta":{"footnotes":""},"class_list":["post-28","page","type-page","status-publish","hentry"],"_links":{"self":[{"href":"https:\/\/elteuinformatic.es\/ca\/wp-json\/wp\/v2\/pages\/28","targetHints":{"allow":["GET"]}}],"collection":[{"href":"https:\/\/elteuinformatic.es\/ca\/wp-json\/wp\/v2\/pages"}],"about":[{"href":"https:\/\/elteuinformatic.es\/ca\/wp-json\/wp\/v2\/types\/page"}],"author":[{"embeddable":true,"href":"https:\/\/elteuinformatic.es\/ca\/wp-json\/wp\/v2\/users\/1"}],"replies":[{"embeddable":true,"href":"https:\/\/elteuinformatic.es\/ca\/wp-json\/wp\/v2\/comments?post=28"}],"version-history":[{"count":13,"href":"https:\/\/elteuinformatic.es\/ca\/wp-json\/wp\/v2\/pages\/28\/revisions"}],"predecessor-version":[{"id":1157,"href":"https:\/\/elteuinformatic.es\/ca\/wp-json\/wp\/v2\/pages\/28\/revisions\/1157"}],"wp:attachment":[{"href":"https:\/\/elteuinformatic.es\/ca\/wp-json\/wp\/v2\/media?parent=28"}],"curies":[{"name":"wp","href":"https:\/\/api.w.org\/{rel}","templated":true}]}}