{"id":1169,"date":"2026-04-07T08:21:39","date_gmt":"2026-04-07T06:21:39","guid":{"rendered":"https:\/\/elteuinformatic.es\/?page_id=1169"},"modified":"2026-04-07T12:48:56","modified_gmt":"2026-04-07T10:48:56","slug":"domotica-2","status":"publish","type":"page","link":"https:\/\/elteuinformatic.es\/ca\/domotica-2","title":{"rendered":"Dom\u00f3tica"},"content":{"rendered":"<p><\/p>\n<div class=\"oSioSc\">\n<div id=\"tw-target\">\n<div id=\"tw-target-text-container\" class=\"gsrt tw-ta-container tw-nfl\">\n<p id=\"tw-target-text\" class=\"tw-data-text tw-ta tw-text-small\" dir=\"ltr\" style=\"text-align: center;\" data-placeholder=\"Traducci\u00f3n\"><span lang=\"ca\" tabindex=\"0\">Vols tenir tota la casa intel\u00b7ligent per molt pocs diners?<\/span><\/p>\n<\/div>\n<\/div>\n<\/div>\n<p><img loading=\"lazy\" decoding=\"async\" class=\"aligncenter wp-image-733 size-full\" src=\"https:\/\/elteuinformatic.es\/wp-content\/uploads\/2020\/03\/domotica-multi.jpg\" alt=\"\" width=\"830\" height=\"276\" srcset=\"https:\/\/elteuinformatic.es\/wp-content\/uploads\/2020\/03\/domotica-multi.jpg 830w, https:\/\/elteuinformatic.es\/wp-content\/uploads\/2020\/03\/domotica-multi-300x100.jpg 300w, https:\/\/elteuinformatic.es\/wp-content\/uploads\/2020\/03\/domotica-multi-768x255.jpg 768w, https:\/\/elteuinformatic.es\/wp-content\/uploads\/2020\/03\/domotica-multi-150x50.jpg 150w, https:\/\/elteuinformatic.es\/wp-content\/uploads\/2020\/03\/domotica-multi-250x83.jpg 250w\" sizes=\"auto, (max-width: 830px) 100vw, 830px\" \/><\/p>\n<p style=\"text-align: center;\"><span lang=\"ca\" tabindex=\"0\">Oblida&#8217;t de milers i milers d&#8217;euros en poder tenir la teva casa dom\u00f2tica. Ara la tecnologia est\u00e0 disponible per a qualsevol usuari. Tot controlat amb el teu Smartphone amb un click i\/o per veu amb <strong><a href=\"https:\/\/www.amazon.es\/dp\/B07PHPXHQS?tag=hydes-21&amp;ref=pd_sl_2nc3jhnd9e_e\">ALEXA<\/a> o <a href=\"https:\/\/store.google.com\/es\/product\/google_home\">GOOGLE<\/a><\/strong> Assistance,\u00a0 el que m\u00e9s t\u00b4agradi o necessitis.\u00a0 Nosaltres et fem un pressupost i col\u00b7loquem tot per molt poc, des de alguna cosa senzilla fins a la programaci\u00f3 sencera de les teves<strong> llums i electrodom\u00e8stics<\/strong><\/span><\/p>\n<p style=\"text-align: center;\">Comen\u00e7a per comprar els assistens que vulguis o tots dos!<\/p>\n<p style=\"text-align: center;\">M\u00e9s f\u00e0cil imposible!<\/p>\n<p style=\"text-align: center;\">Enlla\u00e7os de compra <strong>ALEXA<\/strong>:\u00a0 <a href=\"https:\/\/www.amazon.es\/dp\/B07PHPXHQS?tag=hydes-21&amp;ref=pd_sl_2nc3jhnd9e_e\">https:\/\/store.google.com\/es\/config\/google_nest_mini?hl=es<\/a><\/p>\n<p style=\"text-align: center;\">Enlla\u00e7os de Compra de <strong>Google Assistance<\/strong>:\u00a0<a href=\"https:\/\/store.google.com\/es\/config\/google_nest_mini?hl=es\"> https:\/\/store.google.com\/es\/config\/google_nest_mini?hl=es<\/a><\/p>\n<p><a href=\"https:\/\/youtu.be\/86vjh3oYBws\"><img loading=\"lazy\" decoding=\"async\" class=\"aligncenter wp-image-688 size-full\" src=\"https:\/\/elteuinformatic.es\/wp-content\/uploads\/2019\/05\/smart-home-2769239_640.jpg\" alt=\"\" width=\"640\" height=\"373\" srcset=\"https:\/\/elteuinformatic.es\/wp-content\/uploads\/2019\/05\/smart-home-2769239_640.jpg 640w, https:\/\/elteuinformatic.es\/wp-content\/uploads\/2019\/05\/smart-home-2769239_640-300x175.jpg 300w, https:\/\/elteuinformatic.es\/wp-content\/uploads\/2019\/05\/smart-home-2769239_640-150x87.jpg 150w, https:\/\/elteuinformatic.es\/wp-content\/uploads\/2019\/05\/smart-home-2769239_640-250x146.jpg 250w\" sizes=\"auto, (max-width: 640px) 100vw, 640px\" \/><\/a><\/p>\n<div class=\"oSioSc\">\n<div id=\"tw-target\">\n<div id=\"tw-target-text-container\" class=\"gsrt tw-ta-container tw-nfl\" style=\"text-align: center;\">\n<p id=\"tw-target-text\" class=\"tw-data-text tw-ta tw-text-small\" dir=\"ltr\" data-placeholder=\"Traducci\u00f3n\"><span lang=\"ca\" tabindex=\"0\">Vols apagar i<strong> encendre els llums<\/strong>, c\u00e0meres i electrodom\u00e8stics de casa teva a <strong>dist\u00e0ncia pel m\u00f2bil<\/strong>?<\/span><\/p>\n<p dir=\"ltr\" data-placeholder=\"Traducci\u00f3n\">\n<\/div>\n<\/div>\n<\/div>\n<p><img loading=\"lazy\" decoding=\"async\" class=\"aligncenter wp-image-689 size-full\" src=\"https:\/\/elteuinformatic.es\/wp-content\/uploads\/2019\/05\/smart-home-3096219_640.jpg\" alt=\"\" width=\"640\" height=\"426\" srcset=\"https:\/\/elteuinformatic.es\/wp-content\/uploads\/2019\/05\/smart-home-3096219_640.jpg 640w, https:\/\/elteuinformatic.es\/wp-content\/uploads\/2019\/05\/smart-home-3096219_640-300x200.jpg 300w, https:\/\/elteuinformatic.es\/wp-content\/uploads\/2019\/05\/smart-home-3096219_640-150x100.jpg 150w, https:\/\/elteuinformatic.es\/wp-content\/uploads\/2019\/05\/smart-home-3096219_640-225x150.jpg 225w\" sizes=\"auto, (max-width: 640px) 100vw, 640px\" \/><\/p>\n<div class=\"oSioSc\">\n<div id=\"tw-target\">\n<div id=\"tw-target-text-container\" class=\"gsrt tw-ta-container tw-nfl\">\n<p id=\"tw-target-text\" class=\"tw-data-text tw-ta tw-text-small\" dir=\"ltr\" style=\"text-align: center;\" data-placeholder=\"Traducci\u00f3n\"><span lang=\"ca\" tabindex=\"0\">Ara amb un <strong>senzill programari<\/strong> i la connexi\u00f3 d&#8217;internet de casa teva, podr\u00e0s <strong>controlar els llums de casa teva,<\/strong> televisor i tot el que imaginis amb un sol clic i des de <strong>qualsevol lloc del m\u00f3n<\/strong><\/span><\/p>\n<\/div>\n<\/div>\n<\/div>\n<p style=\"text-align: center;\"><strong>\u00a0<\/strong><\/p>\n<p><img loading=\"lazy\" decoding=\"async\" class=\"aligncenter wp-image-561 size-full\" src=\"https:\/\/elteuinformatic.es\/wp-content\/uploads\/2019\/02\/regleta_wifi.jpg\" alt=\"\" width=\"499\" height=\"498\" srcset=\"https:\/\/elteuinformatic.es\/wp-content\/uploads\/2019\/02\/regleta_wifi.jpg 499w, https:\/\/elteuinformatic.es\/wp-content\/uploads\/2019\/02\/regleta_wifi-150x150.jpg 150w, https:\/\/elteuinformatic.es\/wp-content\/uploads\/2019\/02\/regleta_wifi-300x300.jpg 300w\" sizes=\"auto, (max-width: 499px) 100vw, 499px\" \/><\/p>\n<div class=\"oSioSc\">\n<div id=\"tw-target\">\n<div id=\"tw-target-text-container\" class=\"gsrt tw-ta-container tw-nfl\">\n<p id=\"tw-target-text\" class=\"tw-data-text tw-ta tw-text-small\" dir=\"ltr\" style=\"text-align: center;\" data-placeholder=\"Traducci\u00f3n\"><span lang=\"ca\" tabindex=\"0\">T&#8217;agradaria programar l&#8217;alarma, pany i les persianes de la teva llar, quan no estiguis a casa?<\/span><\/p>\n<p class=\"tw-data-text tw-ta tw-text-small\" dir=\"ltr\" style=\"text-align: center;\" data-placeholder=\"Traducci\u00f3n\"><span lang=\"ca\" tabindex=\"0\">Si disposes de control remot per baixar, pujar o aturar les persianes o l&#8217;alarma de casa teva, ara podem controlar des de qualsevol lloc del m\u00f3n i a dist\u00e0ncia!<\/span><\/p>\n<p dir=\"ltr\" style=\"text-align: center;\" data-placeholder=\"Traducci\u00f3n\">Ens encarreguem de la venda dels dispositius que necessitis. Truca ara per informar-te<\/p>\n<\/div>\n<\/div>\n<\/div>\n<p><\/p>","protected":false},"excerpt":{"rendered":"<p>Vols tenir tota la casa intel\u00b7ligent per molt pocs diners? Oblida&#8217;t de milers i milers d&#8217;euros en poder tenir la teva casa dom\u00f2tica. Ara la tecnologia est\u00e0 disponible per a qualsevol usuari. Tot controlat amb el teu Smartphone amb un click i\/o per veu amb ALEXA o GOOGLE Assistance,\u00a0 el&#8230; <a class=\"continue-reading-link\" href=\"https:\/\/elteuinformatic.es\/ca\/domotica-2\">Seguir leyendo <span class=\"meta-nav\">&rarr; <\/span><\/a><\/p>\n","protected":false},"author":1,"featured_media":0,"parent":0,"menu_order":0,"comment_status":"closed","ping_status":"closed","template":"","meta":{"footnotes":""},"class_list":["post-1169","page","type-page","status-publish","hentry"],"_links":{"self":[{"href":"https:\/\/elteuinformatic.es\/ca\/wp-json\/wp\/v2\/pages\/1169","targetHints":{"allow":["GET"]}}],"collection":[{"href":"https:\/\/elteuinformatic.es\/ca\/wp-json\/wp\/v2\/pages"}],"about":[{"href":"https:\/\/elteuinformatic.es\/ca\/wp-json\/wp\/v2\/types\/page"}],"author":[{"embeddable":true,"href":"https:\/\/elteuinformatic.es\/ca\/wp-json\/wp\/v2\/users\/1"}],"replies":[{"embeddable":true,"href":"https:\/\/elteuinformatic.es\/ca\/wp-json\/wp\/v2\/comments?post=1169"}],"version-history":[{"count":2,"href":"https:\/\/elteuinformatic.es\/ca\/wp-json\/wp\/v2\/pages\/1169\/revisions"}],"predecessor-version":[{"id":1192,"href":"https:\/\/elteuinformatic.es\/ca\/wp-json\/wp\/v2\/pages\/1169\/revisions\/1192"}],"wp:attachment":[{"href":"https:\/\/elteuinformatic.es\/ca\/wp-json\/wp\/v2\/media?parent=1169"}],"curies":[{"name":"wp","href":"https:\/\/api.w.org\/{rel}","templated":true}]}}