{"id":115,"date":"2019-01-10T20:15:37","date_gmt":"2019-01-10T19:15:37","guid":{"rendered":"https:\/\/elteuinformatic.es\/?page_id=115"},"modified":"2020-03-17T17:16:27","modified_gmt":"2020-03-17T16:16:27","slug":"referencias","status":"publish","type":"page","link":"https:\/\/elteuinformatic.es\/ca\/referencias","title":{"rendered":"Refer\u00e8ncies"},"content":{"rendered":"<p><a href=\"https:\/\/www.google.es\/maps\/place\/El+Teu+Inform%C3%A0tic\/@41.3756716,2.1568947,17z\/data=!4m24!1m16!4m15!1m6!1m2!1s0x12a4bcfbbc52a9f9:0xb918c11a553d9c13!2sCarrer+del+Pare+Manj%C3%B3n,+39,+08033+Barcelona!2m2!1d2.1906277!2d41.4538102!1m6!1m2!1s0x12a4a360c0058f6d:0x60609ed5ca1578ff!2sEl+Teu+Inform%C3%A0tic,+Carrer+de+Manso,+Barcelona!2m2!1d2.1590834!2d41.3756676!3e0!3m6!1s0x12a4a360c0058f6d:0x60609ed5ca1578ff!8m2!3d41.3756676!4d2.1590834!9m1!1b1\" target=\"_blank\" rel=\"noopener\"><img loading=\"lazy\" decoding=\"async\" class=\"wp-image-646 size-full aligncenter\" title=\"Llegir experi\u00e8ncies\" src=\"https:\/\/elteuinformatic.es\/wp-content\/uploads\/2019\/03\/secretos-gentepositivs_WEB.jpg\" alt=\"\" width=\"860\" height=\"318\" srcset=\"https:\/\/elteuinformatic.es\/wp-content\/uploads\/2019\/03\/secretos-gentepositivs_WEB.jpg 860w, https:\/\/elteuinformatic.es\/wp-content\/uploads\/2019\/03\/secretos-gentepositivs_WEB-300x111.jpg 300w, https:\/\/elteuinformatic.es\/wp-content\/uploads\/2019\/03\/secretos-gentepositivs_WEB-768x284.jpg 768w, https:\/\/elteuinformatic.es\/wp-content\/uploads\/2019\/03\/secretos-gentepositivs_WEB-150x55.jpg 150w, https:\/\/elteuinformatic.es\/wp-content\/uploads\/2019\/03\/secretos-gentepositivs_WEB-250x92.jpg 250w\" sizes=\"auto, (max-width: 860px) 100vw, 860px\" \/><\/a><\/p>\n<h5 style=\"text-align: center;\"><span class=\"tlid-translation translation\"><span title=\"\">Com se sol dir<\/span><span title=\"\">,<\/span> <span class=\"\" title=\"\">&#8220;<\/span><span class=\"\" title=\"\">per a mostra<\/span> <span title=\"\">un bot\u00f3<\/span><span title=\"\">&#8220;<\/span><span title=\"\">!<\/span><\/span><\/h5>\n<p style=\"text-align: center;\"><span class=\"\" title=\"\">No hi ha res<\/span> <span class=\"\" title=\"\">millor<\/span> <span class=\"\" title=\"\">per con\u00e8ixer el<\/span> <span class=\"\" title=\"\">funcionament dels nostres<\/span> <span title=\"\">serveis,<\/span> <span class=\"\" title=\"\">a veure<\/span> <span class=\"\" title=\"\">les<\/span> <span class=\"\" title=\"\">refer\u00e8ncies que<\/span> <span class=\"\" title=\"\">tan<\/span> <span class=\"\" title=\"\">amablement<\/span> <span title=\"\">els nostres<\/span> <span class=\"\" title=\"\">clients han<\/span> <span class=\"\" title=\"\">escrit<\/span> <span class=\"\" title=\"\">sobre<\/span> <span class=\"\" title=\"\">nosaltres<\/span> <span class=\"\" title=\"\">a <strong>Google<\/strong><\/span><\/p>\n<p><a href=\"https:\/\/www.google.es\/maps\/place\/El+Teu+Inform%C3%A0tic\/@41.3756716,2.1568947,17z\/data=!3m1!4b1!4m24!1m16!4m15!1m6!1m2!1s0x12a4bcfbbc52a9f9:0xb918c11a553d9c13!2sCarrer+del+Pare+Manj%C3%B3n,+39,+08033+Barcelona!2m2!1d2.1906277!2d41.4538102!1m6!1m2!1s0x12a4a360c0058f6d:0x60609ed5ca1578ff!2sEl+Teu+Inform%C3%A0tic,+Carrer+de+Manso,+Barcelona!2m2!1d2.1590834!2d41.3756676!3e0!3m6!1s0x12a4a360c0058f6d:0x60609ed5ca1578ff!8m2!3d41.3756676!4d2.1590834!9m1!1b1\"><img loading=\"lazy\" decoding=\"async\" class=\"alignnone wp-image-637 size-full\" src=\"https:\/\/elteuinformatic.es\/wp-content\/uploads\/2019\/03\/rese\u00f1a.jpg\" alt=\"\" width=\"1304\" height=\"314\" srcset=\"https:\/\/elteuinformatic.es\/wp-content\/uploads\/2019\/03\/rese\u00f1a.jpg 1304w, https:\/\/elteuinformatic.es\/wp-content\/uploads\/2019\/03\/rese\u00f1a-300x72.jpg 300w, https:\/\/elteuinformatic.es\/wp-content\/uploads\/2019\/03\/rese\u00f1a-768x185.jpg 768w, https:\/\/elteuinformatic.es\/wp-content\/uploads\/2019\/03\/rese\u00f1a-1024x247.jpg 1024w, https:\/\/elteuinformatic.es\/wp-content\/uploads\/2019\/03\/rese\u00f1a-150x36.jpg 150w, https:\/\/elteuinformatic.es\/wp-content\/uploads\/2019\/03\/rese\u00f1a-250x60.jpg 250w\" sizes=\"auto, (max-width: 1304px) 100vw, 1304px\" \/><\/a><\/p>\n<p style=\"text-align: center;\"><a href=\"https:\/\/www.google.es\/maps\/place\/El+Teu+Inform%C3%A0tic\/@41.3756716,2.1568947,17z\/data=!4m24!1m16!4m15!1m6!1m2!1s0x12a4bcfbbc52a9f9:0xb918c11a553d9c13!2sCarrer+del+Pare+Manj%C3%B3n,+39,+08033+Barcelona!2m2!1d2.1906277!2d41.4538102!1m6!1m2!1s0x12a4a360c0058f6d:0x60609ed5ca1578ff!2sEl+Teu+Inform%C3%A0tic,+Carrer+de+Manso,+Barcelona!2m2!1d2.1590834!2d41.3756676!3e0!3m6!1s0x12a4a360c0058f6d:0x60609ed5ca1578ff!8m2!3d41.3756676!4d2.1590834!9m1!1b1\" target=\"_blank\" rel=\"noopener\">CLICA PER\u00a0 LLEGIR M\u00c9S EXPERI\u00c8NCIES<\/a><\/p>\n<p><div class=\"wpforms-container wpforms-container-full\" id=\"wpforms-258\"><form id=\"wpforms-form-258\" class=\"wpforms-validate wpforms-form\" data-formid=\"258\" method=\"post\" enctype=\"multipart\/form-data\" action=\"\/ca\/wp-json\/wp\/v2\/pages\/115\" data-token=\"30a848a63e21a63371bc7c817a0ecda5\" data-token-time=\"1775899681\"><noscript class=\"wpforms-error-noscript\">Activeu el JavaScript al navegador per a poder completar el formulari.<\/noscript><div class=\"wpforms-field-container\"><div id=\"wpforms-258-field_0-container\" class=\"wpforms-field wpforms-field-name\" data-field-id=\"0\"><label class=\"wpforms-field-label\" for=\"wpforms-258-field_0\">Nom <span class=\"wpforms-required-label\">*<\/span><\/label><div class=\"wpforms-field-row wpforms-field-medium\"><div class=\"wpforms-field-row-block wpforms-first wpforms-one-half\"><input type=\"text\" id=\"wpforms-258-field_0\" class=\"wpforms-field-name-first wpforms-field-required\" name=\"wpforms[fields][0][first]\" required><label for=\"wpforms-258-field_0\" class=\"wpforms-field-sublabel after wpforms-sublabel-hide\">Nom<\/label><\/div><div class=\"wpforms-field-row-block wpforms-one-half\"><input type=\"text\" id=\"wpforms-258-field_0-last\" class=\"wpforms-field-name-last wpforms-field-required\" name=\"wpforms[fields][0][last]\" required><label for=\"wpforms-258-field_0-last\" class=\"wpforms-field-sublabel after wpforms-sublabel-hide\">Cognoms<\/label><\/div><\/div><\/div><div id=\"wpforms-258-field_1-container\" class=\"wpforms-field wpforms-field-email\" data-field-id=\"1\"><label class=\"wpforms-field-label\" for=\"wpforms-258-field_1\">Correu electr\u00f2nic <span class=\"wpforms-required-label\">*<\/span><\/label><input type=\"email\" id=\"wpforms-258-field_1\" class=\"wpforms-field-medium wpforms-field-required\" name=\"wpforms[fields][1]\" spellcheck=\"false\" required><\/div><div id=\"wpforms-258-field_10-container\" class=\"wpforms-field wpforms-field-text\" data-field-id=\"10\"><label class=\"wpforms-field-label\" for=\"wpforms-258-field_10\">Tel\u00e8fon <span class=\"wpforms-required-label\">*<\/span><\/label><input type=\"text\" id=\"wpforms-258-field_10\" class=\"wpforms-field-medium wpforms-field-required\" name=\"wpforms[fields][10]\" required><\/div><div id=\"wpforms-258-field_2-container\" class=\"wpforms-field wpforms-field-textarea\" data-field-id=\"2\"><label class=\"wpforms-field-label\" for=\"wpforms-258-field_2\">Comentario o mensaje <span class=\"wpforms-required-label\">*<\/span><\/label><textarea id=\"wpforms-258-field_2\" class=\"wpforms-field-medium wpforms-field-required\" name=\"wpforms[fields][2]\" required><\/textarea><\/div><div id=\"wpforms-258-field_11-container\" class=\"wpforms-field wpforms-field-checkbox\" data-field-id=\"11\"><label class=\"wpforms-field-label\">He llegit i accepto la Pol\u00edtica de Privadesa. <span class=\"wpforms-required-label\">*<\/span><\/label><ul id=\"wpforms-258-field_11\" class=\"wpforms-field-required\"><li class=\"choice-1 depth-1\"><input type=\"checkbox\" id=\"wpforms-258-field_11_1\" name=\"wpforms[fields][11][]\" value=\"Acceptar\" required ><label class=\"wpforms-field-label-inline\" for=\"wpforms-258-field_11_1\">Acceptar<\/label><\/li><\/ul><\/div><\/div><!-- .wpforms-field-container --><div class=\"wpforms-field wpforms-field-hp\"><label for=\"wpforms-258-field-hp\" class=\"wpforms-field-label\">Website<\/label><input type=\"text\" name=\"wpforms[hp]\" id=\"wpforms-258-field-hp\" class=\"wpforms-field-medium\"><\/div><div class=\"wpforms-recaptcha-container wpforms-is-recaptcha wpforms-is-recaptcha-type-invisible\" ><div class=\"g-recaptcha\" data-sitekey=\"6LfYCKMZAAAAAO8GmCI3YAZqHFycCtXHM2D9167P\" data-size=\"invisible\"><\/div><\/div><div class=\"wpforms-submit-container\" ><input type=\"hidden\" name=\"wpforms[id]\" value=\"258\"><input type=\"hidden\" name=\"page_title\" value=\"\"><input type=\"hidden\" name=\"page_url\" value=\"https:\/\/elteuinformatic.es\/ca\/wp-json\/wp\/v2\/pages\/115\"><input type=\"hidden\" name=\"url_referer\" value=\"\"><button type=\"submit\" name=\"wpforms[submit]\" id=\"wpforms-submit-258\" class=\"wpforms-submit\" data-alt-text=\"Enviando...\" data-submit-text=\"Enviar\" aria-live=\"assertive\" value=\"wpforms-submit\">Enviar<\/button><\/div><\/form><\/div>  <!-- .wpforms-container --><\/p>","protected":false},"excerpt":{"rendered":"<p>Com se sol dir, &#8220;per a mostra un bot\u00f3&#8220;! No hi ha res millor per con\u00e8ixer el funcionament dels nostres serveis, a veure les refer\u00e8ncies que tan amablement els nostres clients han escrit sobre nosaltres a Google CLICA PER\u00a0 LLEGIR M\u00c9S EXPERI\u00c8NCIES<\/p>\n","protected":false},"author":1,"featured_media":0,"parent":0,"menu_order":0,"comment_status":"closed","ping_status":"closed","template":"","meta":{"footnotes":""},"class_list":["post-115","page","type-page","status-publish","hentry"],"_links":{"self":[{"href":"https:\/\/elteuinformatic.es\/ca\/wp-json\/wp\/v2\/pages\/115","targetHints":{"allow":["GET"]}}],"collection":[{"href":"https:\/\/elteuinformatic.es\/ca\/wp-json\/wp\/v2\/pages"}],"about":[{"href":"https:\/\/elteuinformatic.es\/ca\/wp-json\/wp\/v2\/types\/page"}],"author":[{"embeddable":true,"href":"https:\/\/elteuinformatic.es\/ca\/wp-json\/wp\/v2\/users\/1"}],"replies":[{"embeddable":true,"href":"https:\/\/elteuinformatic.es\/ca\/wp-json\/wp\/v2\/comments?post=115"}],"version-history":[{"count":19,"href":"https:\/\/elteuinformatic.es\/ca\/wp-json\/wp\/v2\/pages\/115\/revisions"}],"predecessor-version":[{"id":754,"href":"https:\/\/elteuinformatic.es\/ca\/wp-json\/wp\/v2\/pages\/115\/revisions\/754"}],"wp:attachment":[{"href":"https:\/\/elteuinformatic.es\/ca\/wp-json\/wp\/v2\/media?parent=115"}],"curies":[{"name":"wp","href":"https:\/\/api.w.org\/{rel}","templated":true}]}}