{"id":1118,"date":"2026-03-05T09:00:20","date_gmt":"2026-03-05T08:00:20","guid":{"rendered":"https:\/\/elteuinformatic.es\/?page_id=1118"},"modified":"2026-03-05T09:57:36","modified_gmt":"2026-03-05T08:57:36","slug":"reparacion-de-ordenadores","status":"publish","type":"page","link":"https:\/\/elteuinformatic.es\/ca\/reparacion-de-ordenadores","title":{"rendered":"Reparaci\u00f3 d\u00b4ordinadors"},"content":{"rendered":"<p><\/p>\r\n<h6><img loading=\"lazy\" decoding=\"async\" class=\"aligncenter wp-image-786 size-large\" src=\"https:\/\/elteuinformatic.es\/wp-content\/uploads\/2020\/06\/reciclarv2-1024x683.jpg\" alt=\"\" width=\"840\" height=\"560\" srcset=\"https:\/\/elteuinformatic.es\/wp-content\/uploads\/2020\/06\/reciclarv2.jpg 1024w, https:\/\/elteuinformatic.es\/wp-content\/uploads\/2020\/06\/reciclarv2-300x200.jpg 300w, https:\/\/elteuinformatic.es\/wp-content\/uploads\/2020\/06\/reciclarv2-768x512.jpg 768w, https:\/\/elteuinformatic.es\/wp-content\/uploads\/2020\/06\/reciclarv2-150x100.jpg 150w, https:\/\/elteuinformatic.es\/wp-content\/uploads\/2020\/06\/reciclarv2-225x150.jpg 225w\" sizes=\"auto, (max-width: 840px) 100vw, 840px\" \/><\/h6>\r\n<h6 style=\"text-align: center;\">Els nostres serveis<\/h6>\r\n<p>Oferim una \u00e0mplia gamma de serveis de reparaci\u00f3 d&#8217;ordinadors a domicili, per a particulars i empreses a tot Barcelona i \u00e0rea metropolitana. Volem ser el teu inform\u00e0tic de cap\u00e7alera.<\/p>\r\n<p>Creiem 100% en el reciclatge i la sostenibilitat del planeta, per aquesta ra\u00f3 desde <strong>elteuinformatic<\/strong> donen suport al m\u00e0xim a la reutilitzaci\u00f3 de components per allargar la vida \u00fatil dels teus dispositius evitant gastar diners i recursos naturals amb la venda de productes nous i molt nocius pel planeta.<\/p>\r\n<p style=\"text-align: center;\"><strong>Recicla! . Repara! . Salva el planeta !. Tamb\u00e9 est\u00e0 en les teves mans!<\/strong><\/p>\r\n<h6 style=\"text-align: center;\">Com funciona El Teu Inform\u00e0tic?<\/h6>\r\n<p style=\"text-align: center;\">La nostra proposta \u00e9s reparar el seu ordinador,<strong> sense despla\u00e7aments<\/strong> i <strong>ve\u00efent<\/strong> amb tot moment <strong>el que estem fent<\/strong>.<\/p>\r\n<p>Portar el seu ordiandor a una botiga es del segle pasat! A m\u00e9s vost\u00e8 esta totalment venut a\u00a0 donar la seva intimitat i <strong>dades personals<\/strong> a una persona que ni tan sols pot ser la mateixa que li ha ates!! Amb elteuinformatic tot el <strong>control est\u00e0 a les seves mans<\/strong>.<\/p>\r\n<p style=\"text-align: center;\"><strong>Reparem el teu ordinador a domicili, el passem a recollir<\/strong> i t&#8217;ho portem quan estigui reparat: <a href=\"https:\/\/elteuinformatic.es\/ca\/precios-de-reparacion\"><strong>tu tries el que et convingui<\/strong><\/a>, perqu\u00e8 creiem que donar el millor servei, \u00e9s deixar-te que tri\u00efs. El millor inform\u00e0tic a domicili a Barcelona al teu servei. No et conformis amb menys<\/p>\r\n<p>La nostra major prioritat: que no perdis les teves dades ni els teus programes. Si \u00e9s necessari reinstal\u00b7larem el sistema operatiu per\u00f2 sense borrar els teus fitxers o fotos<\/p>\r\n<h3 style=\"text-align: center;\"><strong>Truca&#8217;ns al\u00a0<a href=\"tel:934507890\"><span style=\"color: #ff0000;\">93 450 78 90<\/span><\/a><\/strong><\/h3>\r\n<h6 style=\"text-align: center;\"><a class=\"short-button-light\" target=\"_blank\" href=\"#\" title=\"\u00a0Contacta amb nosaltres! \" >\u00a0Contacta amb nosaltres! <\/a><\/h6>\r\n<h6>Podem oferir-te:<\/h6>\r\n<ul>\r\n<li>Neteja integral d\u00b4ordinador\u00a0<img loading=\"lazy\" decoding=\"async\" class=\"wp-image-475 size-full alignright\" src=\"https:\/\/elteuinformatic.es\/wp-content\/uploads\/2019\/02\/aprobacion-1.jpg\" alt=\"\" width=\"250\" height=\"256\" srcset=\"https:\/\/elteuinformatic.es\/wp-content\/uploads\/2019\/02\/aprobacion-1.jpg 250w, https:\/\/elteuinformatic.es\/wp-content\/uploads\/2019\/02\/aprobacion-1-146x150.jpg 146w\" sizes=\"auto, (max-width: 250px) 100vw, 250px\" \/><\/li>\r\n<li>Manteniment inform\u00e0tic per a empreses<\/li>\r\n<li>Seguretat inform\u00e0tica<\/li>\r\n<li>Assist\u00e8ncia remota<\/li>\r\n<li>Supervisi\u00f3 proactiva<\/li>\r\n<li>Rastreig avan\u00e7at (en cas de robatori)<\/li>\r\n<li>Servei integral de reparaci\u00f3 d&#8217;ordinadors<\/li>\r\n<li>Ampliaci\u00f3\u00a0 de senyal sense fils (wi-fi)<\/li>\r\n<li>Instal\u00b7laci\u00f3 i reinstal\u00b7laci\u00f3 de qualsevol sistema operatiu (incl\u00f2s Mac OS i Linux)<\/li>\r\n<li>Instal\u00b7laci\u00f3 i manteniment de programari<\/li>\r\n<li>Sistemes antivirus i assist\u00e8ncia en seguretat inform\u00e0tica<\/li>\r\n<li>Creaci\u00f3 de c\u00f2pies de seguretat fent servir el n\u00favol gratu\u00eft que tothom t\u00e9.<\/li>\r\n<li>Assessorament i formaci\u00f3<\/li>\r\n<li>Instal\u00b7laci\u00f3, configuraci\u00f3 i manteniment de xarxes (Windows, Mac, Linux)<\/li>\r\n<li>Recuperaci\u00f3 de dades<\/li>\r\n<li>C\u00f2pia de seguretat de tel\u00e8fons m\u00f2bils<\/li>\r\n<\/ul>\r\n<h6>Qu\u00e8 fem a cada servei de reparaci\u00f3?<\/h6>\r\n<ul>\r\n<li><strong>Experts en configuraci\u00f3 <\/strong>PC gamming<\/li>\r\n<li><strong>Optimitzaci\u00f3 PC gamming<\/strong><\/li>\r\n<li><strong>Neteja d&#8217;ordinador: <\/strong>el teu ordinador va lent o apareix molta publicitat? Ho deixem com a nou i el m\u00e9s important, <strong>sense perdre cap de les teves dades<\/strong>.<\/li>\r\n<li><strong>Reparaci\u00f3 d&#8217;ordinadors Apple<\/strong>: iMac, Macbook Pro, Macbook Air.<\/li>\r\n<li><strong>Ampliaci\u00f3 de cobertura Wifi:<\/strong> si el teu Wifi no arriba a tots els llocs de casa teva, l\u00b4ampliem perqu\u00e8 arribi a tots els racons de casa teva<\/li>\r\n<li><strong>Sistemes operatius:<\/strong> alguns problemes inform\u00e0tics es solucionen reinstal\u00b7lant el sistema operatiu. Podem instal\u00b7lar i reinstal\u00b7lar Windows, OS X o Linux.<\/li>\r\n<li><strong>Instal\u00b7lem qualsevol programa<\/strong> que necessitis.<\/li>\r\n<li>T&#8217;assessorem com <strong>protegir-te dels virus<\/strong>, quin antivirus \u00e9s millor per tu i ho instal\u00b7lem.<\/li>\r\n<li><strong>C\u00f2pies de seguretat:<\/strong> implementem amb tu un sistema de seguretat amb el qu\u00e8 estiguis tranquil: que sigui autom\u00e0tic, que sigui diari, i que mai perdis cap document ni foto important.<\/li>\r\n<li>Si tens diversos ordinadors, t&#8217;ajudem a muntar una xarxa, r\u00e0pida i segura fent servir les millors tecnologies perqu\u00e8 el rendiment i la usabilitat s\u00f3n claus per treure-li profit. Si tens una xarxa ja muntada, <strong>podem optimitzar-la<\/strong> perqu\u00e8 obtinguis els millors resultats, utilitzant les millors tecnologies.<\/li>\r\n<li><strong>Assist\u00e8ncia teletreball<\/strong><\/li>\r\n<li><strong>Assist\u00e8ncia remota:<\/strong> sabies que el 80% dels problemes inform\u00e0tics es poden resoldre a dist\u00e0ncia? De manera f\u00e0cil i r\u00e0pida podem brindar-assist\u00e8ncia remota.<\/li>\r\n<li><strong>Recuperaci\u00f3 de dades<\/strong>: si has perdut fotos, s&#8217;ha esborrat la targeta de la c\u00e0mera, tens problemes amb un disc dur i necessites recuperar la informaci\u00f3 podem fer-ho, truca&#8217;ns!<\/li>\r\n<li><strong>C\u00f2pia de seguretat de tel\u00e8fons m\u00f2bils:<\/strong> no perdis ni un contacte, ni una foto, ni un WhatsApp. Amb les c\u00f2pies de seguretat de m\u00f2bils podem assegurar-nos que tens les teves dades segures.<\/li>\r\n<\/ul>\r\n<p>&nbsp;<\/p>\r\n\r\n<h2 class=\"wp-block-heading has-text-align-center\">Uns dels millors antivirus del mercat<\/h2>\r\n\r\n<p>&nbsp;<\/p>\r\n<p><script src='https:\/\/comprar.eset.es\/ce\/esetBanner.php?u=u99319&#038;wresp=on&#038;w=250&#038;background_prods=%23ffffff&#038;background_margin=%236f7c8c&#038;background_cat=%236f7c8c&#038;background_secondary_cat=%23bfc4cb&#038;background_hover_cat=%23a7aaaf&#038;background_button_product=%2313bef6&#038;background_button_product_hover=%2315bc2d&#038;p1=epr_hogar&#038;p2=eis_hogar&#038;p3=epr_hogar&#038;p4=eis_hogar&#038;p5=ecp_hogar&#038;'><\/script><\/p>\n\r\n<p><\/p>\r\n<h6>\u00a0<\/h6>\r\n<h6><img loading=\"lazy\" decoding=\"async\" class=\"aligncenter wp-image-786 size-large\" src=\"https:\/\/elteuinformatic.es\/wp-content\/uploads\/2020\/06\/reciclarv2-1024x683.jpg\" alt=\"\" width=\"840\" height=\"560\" srcset=\"https:\/\/elteuinformatic.es\/wp-content\/uploads\/2020\/06\/reciclarv2.jpg 1024w, https:\/\/elteuinformatic.es\/wp-content\/uploads\/2020\/06\/reciclarv2-300x200.jpg 300w, https:\/\/elteuinformatic.es\/wp-content\/uploads\/2020\/06\/reciclarv2-768x512.jpg 768w, https:\/\/elteuinformatic.es\/wp-content\/uploads\/2020\/06\/reciclarv2-150x100.jpg 150w, https:\/\/elteuinformatic.es\/wp-content\/uploads\/2020\/06\/reciclarv2-225x150.jpg 225w\" sizes=\"auto, (max-width: 840px) 100vw, 840px\" \/><\/h6>\r\n<h6 style=\"text-align: center;\">Els nostres serveis<\/h6>\r\n<p>Oferim una \u00e0mplia gamma de serveis de reparaci\u00f3 d&#8217;ordinadors a domicili, per a particulars i empreses a tot Barcelona i \u00e0rea metropolitana. Volem ser el teu inform\u00e0tic de cap\u00e7alera.<\/p>\r\n<p>Creiem 100% en el reciclatge i la sostenibilitat del planeta, per aquesta ra\u00f3 desde <strong>elteuinformatic<\/strong> donen suport al m\u00e0xim a la reutilitzaci\u00f3 de components per allargar la vida \u00fatil dels teus dispositius evitant gastar diners i recursos naturals amb la venda de productes nous i molt nocius pel planeta.<\/p>\r\n<p style=\"text-align: center;\"><strong>Recicla! . Repara! . Salva el planeta !. Tamb\u00e9 est\u00e0 en les teves mans!<\/strong><\/p>\r\n<h6 style=\"text-align: center;\">Com funciona El Teu Inform\u00e0tic?<\/h6>\r\n<p style=\"text-align: center;\">La nostra proposta \u00e9s reparar el seu ordinador,<strong> sense despla\u00e7aments<\/strong> i <strong>ve\u00efent<\/strong> amb tot moment <strong>el que estem fent<\/strong>.<\/p>\r\n<p>Portar el seu ordiandor a una botiga es del segle pasat! A m\u00e9s vost\u00e8 esta totalment venut a\u00a0 donar la seva intimitat i <strong>dades personals<\/strong> a una persona que ni tan sols pot ser la mateixa que li ha ates!! Amb elteuinformatic tot el <strong>control est\u00e0 a les seves mans<\/strong>.<\/p>\r\n<p style=\"text-align: center;\"><strong>Reparem el teu ordinador a domicili, el passem a recollir<\/strong> i t&#8217;ho portem quan estigui reparat: <a href=\"https:\/\/elteuinformatic.es\/ca\/precios-de-reparacion\"><strong>tu tries el que et convingui<\/strong><\/a>, perqu\u00e8 creiem que donar el millor servei, \u00e9s deixar-te que tri\u00efs. El millor inform\u00e0tic a domicili a Barcelona al teu servei. No et conformis amb menys<\/p>\r\n<p>La nostra major prioritat: que no perdis les teves dades ni els teus programes. Si \u00e9s necessari reinstal\u00b7larem el sistema operatiu per\u00f2 sense borrar els teus fitxers o fotos<\/p>\r\n<h3 style=\"text-align: center;\"><strong>Truca&#8217;ns al\u00a0<a href=\"tel:934507890\"><span style=\"color: #ff0000;\">93 450 78 90<\/span><\/a><\/strong><\/h3>\r\n<h6 style=\"text-align: center;\"><a class=\"short-button-light\" target=\"_blank\" href=\"#\" title=\"\u00a0Contacta amb nosaltres! \" >\u00a0Contacta amb nosaltres! <\/a><\/h6>\r\n<h6>Podem oferir-te:<\/h6>\r\n<ul>\r\n<li>Neteja integral d\u00b4ordinador\u00a0<img loading=\"lazy\" decoding=\"async\" class=\"wp-image-475 size-full alignright\" src=\"https:\/\/elteuinformatic.es\/wp-content\/uploads\/2019\/02\/aprobacion-1.jpg\" alt=\"\" width=\"250\" height=\"256\" srcset=\"https:\/\/elteuinformatic.es\/wp-content\/uploads\/2019\/02\/aprobacion-1.jpg 250w, https:\/\/elteuinformatic.es\/wp-content\/uploads\/2019\/02\/aprobacion-1-146x150.jpg 146w\" sizes=\"auto, (max-width: 250px) 100vw, 250px\" \/><\/li>\r\n<li>Manteniment inform\u00e0tic per a empreses<\/li>\r\n<li>Seguretat inform\u00e0tica<\/li>\r\n<li>Assist\u00e8ncia remota<\/li>\r\n<li>Supervisi\u00f3 proactiva<\/li>\r\n<li>Rastreig avan\u00e7at (en cas de robatori)<\/li>\r\n<li>Servei integral de reparaci\u00f3 d&#8217;ordinadors<\/li>\r\n<li>Ampliaci\u00f3\u00a0 de senyal sense fils (wi-fi)<\/li>\r\n<li>Instal\u00b7laci\u00f3 i reinstal\u00b7laci\u00f3 de qualsevol sistema operatiu (incl\u00f2s Mac OS i Linux)<\/li>\r\n<li>Instal\u00b7laci\u00f3 i manteniment de programari<\/li>\r\n<li>Sistemes antivirus i assist\u00e8ncia en seguretat inform\u00e0tica<\/li>\r\n<li>Creaci\u00f3 de c\u00f2pies de seguretat fent servir el n\u00favol gratu\u00eft que tothom t\u00e9.<\/li>\r\n<li>Assessorament i formaci\u00f3<\/li>\r\n<li>Instal\u00b7laci\u00f3, configuraci\u00f3 i manteniment de xarxes (Windows, Mac, Linux)<\/li>\r\n<li>Recuperaci\u00f3 de dades<\/li>\r\n<li>C\u00f2pia de seguretat de tel\u00e8fons m\u00f2bils<\/li>\r\n<\/ul>\r\n<h6>Qu\u00e8 fem a cada servei de reparaci\u00f3?<\/h6>\r\n<ul>\r\n<li><strong>Experts en configuraci\u00f3 <\/strong>PC gamming<\/li>\r\n<li><strong>Optimitzaci\u00f3 PC gamming<\/strong><\/li>\r\n<li><strong>Neteja d&#8217;ordinador: <\/strong>el teu ordinador va lent o apareix molta publicitat? Ho deixem com a nou i el m\u00e9s important, <strong>sense perdre cap de les teves dades<\/strong>.<\/li>\r\n<li><strong>Reparaci\u00f3 d&#8217;ordinadors Apple<\/strong>: iMac, Macbook Pro, Macbook Air.<\/li>\r\n<li><strong>Ampliaci\u00f3 de cobertura Wifi:<\/strong> si el teu Wifi no arriba a tots els llocs de casa teva, l\u00b4ampliem perqu\u00e8 arribi a tots els racons de casa teva<\/li>\r\n<li><strong>Sistemes operatius:<\/strong> alguns problemes inform\u00e0tics es solucionen reinstal\u00b7lant el sistema operatiu. Podem instal\u00b7lar i reinstal\u00b7lar Windows, OS X o Linux.<\/li>\r\n<li><strong>Instal\u00b7lem qualsevol programa<\/strong> que necessitis.<\/li>\r\n<li>T&#8217;assessorem com <strong>protegir-te dels virus<\/strong>, quin antivirus \u00e9s millor per tu i ho instal\u00b7lem.<\/li>\r\n<li><strong>C\u00f2pies de seguretat:<\/strong> implementem amb tu un sistema de seguretat amb el qu\u00e8 estiguis tranquil: que sigui autom\u00e0tic, que sigui diari, i que mai perdis cap document ni foto important.<\/li>\r\n<li>Si tens diversos ordinadors, t&#8217;ajudem a muntar una xarxa, r\u00e0pida i segura fent servir les millors tecnologies perqu\u00e8 el rendiment i la usabilitat s\u00f3n claus per treure-li profit. Si tens una xarxa ja muntada, <strong>podem optimitzar-la<\/strong> perqu\u00e8 obtinguis els millors resultats, utilitzant les millors tecnologies.<\/li>\r\n<li><strong>Assist\u00e8ncia teletreball<\/strong><\/li>\r\n<li><strong>Assist\u00e8ncia remota:<\/strong> sabies que el 80% dels problemes inform\u00e0tics es poden resoldre a dist\u00e0ncia? De manera f\u00e0cil i r\u00e0pida podem brindar-assist\u00e8ncia remota.<\/li>\r\n<li><strong>Recuperaci\u00f3 de dades<\/strong>: si has perdut fotos, s&#8217;ha esborrat la targeta de la c\u00e0mera, tens problemes amb un disc dur i necessites recuperar la informaci\u00f3 podem fer-ho, truca&#8217;ns!<\/li>\r\n<li><strong>C\u00f2pia de seguretat de tel\u00e8fons m\u00f2bils:<\/strong> no perdis ni un contacte, ni una foto, ni un WhatsApp. Amb les c\u00f2pies de seguretat de m\u00f2bils podem assegurar-nos que tens les teves dades segures.<\/li>\r\n<\/ul>\r\n<p>&nbsp;<\/p>\r\n\r\n<h2 class=\"wp-block-heading has-text-align-center\">Uns dels millors antivirus del mercat<\/h2>\r\n\r\n<p>&nbsp;<\/p>\r\n<p><script src='https:\/\/comprar.eset.es\/ce\/esetBanner.php?u=u99319&#038;wresp=on&#038;w=250&#038;background_prods=%23ffffff&#038;background_margin=%236f7c8c&#038;background_cat=%236f7c8c&#038;background_secondary_cat=%23bfc4cb&#038;background_hover_cat=%23a7aaaf&#038;background_button_product=%2313bef6&#038;background_button_product_hover=%2315bc2d&#038;p1=epr_hogar&#038;p2=eis_hogar&#038;p3=epr_hogar&#038;p4=eis_hogar&#038;p5=ecp_hogar&#038;'><\/script><\/p>\n\r\n<p><\/p>","protected":false},"excerpt":{"rendered":"<p>Els nostres serveis Oferim una \u00e0mplia gamma de serveis de reparaci\u00f3 d&#8217;ordinadors a domicili, per a particulars i empreses a tot Barcelona i \u00e0rea metropolitana. Volem ser el teu inform\u00e0tic de cap\u00e7alera. Creiem 100% en el reciclatge i la sostenibilitat del planeta, per aquesta ra\u00f3 desde elteuinformatic donen suport al&#8230; <a class=\"continue-reading-link\" href=\"https:\/\/elteuinformatic.es\/ca\/reparacion-de-ordenadores\">Seguir leyendo <span class=\"meta-nav\">&rarr; <\/span><\/a><\/p>\n","protected":false},"author":1,"featured_media":0,"parent":0,"menu_order":0,"comment_status":"closed","ping_status":"closed","template":"","meta":{"footnotes":""},"class_list":["post-1118","page","type-page","status-publish","hentry"],"_links":{"self":[{"href":"https:\/\/elteuinformatic.es\/ca\/wp-json\/wp\/v2\/pages\/1118","targetHints":{"allow":["GET"]}}],"collection":[{"href":"https:\/\/elteuinformatic.es\/ca\/wp-json\/wp\/v2\/pages"}],"about":[{"href":"https:\/\/elteuinformatic.es\/ca\/wp-json\/wp\/v2\/types\/page"}],"author":[{"embeddable":true,"href":"https:\/\/elteuinformatic.es\/ca\/wp-json\/wp\/v2\/users\/1"}],"replies":[{"embeddable":true,"href":"https:\/\/elteuinformatic.es\/ca\/wp-json\/wp\/v2\/comments?post=1118"}],"version-history":[{"count":19,"href":"https:\/\/elteuinformatic.es\/ca\/wp-json\/wp\/v2\/pages\/1118\/revisions"}],"predecessor-version":[{"id":1138,"href":"https:\/\/elteuinformatic.es\/ca\/wp-json\/wp\/v2\/pages\/1118\/revisions\/1138"}],"wp:attachment":[{"href":"https:\/\/elteuinformatic.es\/ca\/wp-json\/wp\/v2\/media?parent=1118"}],"curies":[{"name":"wp","href":"https:\/\/api.w.org\/{rel}","templated":true}]}}